{"id":1135,"date":"2020-03-31T07:28:04","date_gmt":"2020-03-31T07:28:04","guid":{"rendered":"https:\/\/pelicula.qodeinteractive.com\/?page_id=1135"},"modified":"2022-04-01T17:11:15","modified_gmt":"2022-04-01T17:11:15","slug":"contact-us","status":"publish","type":"page","link":"https:\/\/www.casatortuga.cl\/index.php\/contact-us\/","title":{"rendered":"Contacto"},"content":{"rendered":"\t\t<div data-elementor-type=\"wp-page\" data-elementor-id=\"1135\" class=\"elementor elementor-1135\" data-elementor-settings=\"[]\">\n\t\t\t\t\t\t\t<div class=\"elementor-section-wrap\">\n\t\t\t\t\t\t\t<section class=\"elementor-section elementor-top-section elementor-element elementor-element-5619d24 elementor-section-full_width qodef-in-focus elementor-section-height-default elementor-section-height-default qodef-elementor-content-no\" data-id=\"5619d24\" data-element_type=\"section\" data-settings=\"{&quot;background_background&quot;:&quot;classic&quot;}\">\n\t\t\t\t\t\t<div class=\"elementor-container elementor-column-gap-no\">\n\t\t\t\t\t<div class=\"elementor-column elementor-col-100 elementor-top-column elementor-element elementor-element-2cebf14\" data-id=\"2cebf14\" data-element_type=\"column\">\n\t\t\t<div class=\"elementor-widget-wrap elementor-element-populated\">\n\t\t\t\t\t\t\t\t<div class=\"elementor-element elementor-element-68f75fd elementor-widget elementor-widget-pelicula_core_google_map\" data-id=\"68f75fd\" data-element_type=\"widget\" data-widget_type=\"pelicula_core_google_map.default\">\n\t\t\t\t<div class=\"elementor-widget-container\">\n\t\t\t<div class=\"qodef-shortcode qodef-m  qodef-google-map\">\n\t<div class=\"qodef-m-map\" id=\"qodef-map-id--982\" data-addresses='[\"21 W 45th St #2, New York, NY 10036, United States\"]' data-pin=https:\/\/www.casatortuga.cl\/wp-content\/uploads\/2020\/03\/pin.png data-unique-id=982 data-height=420><\/div>\n<\/div>\t\t<\/div>\n\t\t\t\t<\/div>\n\t\t\t\t\t<\/div>\n\t\t<\/div>\n\t\t\t\t\t\t\t<\/div>\n\t\t<\/section>\n\t\t\t\t<section class=\"elementor-section elementor-top-section elementor-element elementor-element-be8613c elementor-section-full_width qodef-elementor-content-grid elementor-section-height-default elementor-section-height-default\" data-id=\"be8613c\" data-element_type=\"section\">\n\t\t\t\t\t\t<div class=\"elementor-container elementor-column-gap-no\">\n\t\t\t\t\t<div class=\"elementor-column elementor-col-50 elementor-top-column elementor-element elementor-element-29bd3b7\" data-id=\"29bd3b7\" data-element_type=\"column\">\n\t\t\t<div class=\"elementor-widget-wrap elementor-element-populated\">\n\t\t\t\t\t\t\t\t<div class=\"elementor-element elementor-element-b1c8cb9 elementor-widget elementor-widget-pelicula_core_section_title\" data-id=\"b1c8cb9\" data-element_type=\"widget\" data-widget_type=\"pelicula_core_section_title.default\">\n\t\t\t\t<div class=\"elementor-widget-container\">\n\t\t\t<div class=\"qodef-shortcode qodef-m  qodef-section-title qodef-alignment--right \" data-holder-options=\"{&quot;line-breaks&quot;:&quot;&quot;}\">\n\t\t<h6 class=\"qodef-m-tagline\" style=\"color: #FFFFFF\">\n\t\t\u00bfQu\u00e9 necesitas?\t<\/h6>\n\t    \t<h2 class=\"qodef-m-title\" style=\"color: #FFFFFF\">\n\t\t\tEscr\u00edbenos y cu\u00e9ntanos c\u00f3mo podemos ayudarte\t<\/h2>\n    \t<\/div>\t\t<\/div>\n\t\t\t\t<\/div>\n\t\t\t\t<div class=\"elementor-element elementor-element-453051b elementor-widget elementor-widget-spacer\" data-id=\"453051b\" data-element_type=\"widget\" data-widget_type=\"spacer.default\">\n\t\t\t\t<div class=\"elementor-widget-container\">\n\t\t\t\t\t<div class=\"elementor-spacer\">\n\t\t\t<div class=\"elementor-spacer-inner\"><\/div>\n\t\t<\/div>\n\t\t\t\t<\/div>\n\t\t\t\t<\/div>\n\t\t\t\t\t<\/div>\n\t\t<\/div>\n\t\t\t\t<div class=\"elementor-column elementor-col-50 elementor-top-column elementor-element elementor-element-a4dfd1a\" data-id=\"a4dfd1a\" data-element_type=\"column\" data-settings=\"{&quot;background_background&quot;:&quot;gradient&quot;}\">\n\t\t\t<div class=\"elementor-widget-wrap elementor-element-populated\">\n\t\t\t\t\t\t\t\t<div class=\"elementor-element elementor-element-9453e2e elementor-widget elementor-widget-wp-widget-pelicula_core_contact_form_7\" data-id=\"9453e2e\" data-element_type=\"widget\" data-widget_type=\"wp-widget-pelicula_core_contact_form_7.default\">\n\t\t\t\t<div class=\"elementor-widget-container\">\n\t\t\t\t\t\t<div class=\"qodef-contact-form-7\">\n\t\t\t\t<div role=\"form\" class=\"wpcf7\" id=\"wpcf7-f594-o1\" lang=\"en-US\" dir=\"ltr\">\n<div class=\"screen-reader-response\"><p role=\"status\" aria-live=\"polite\" aria-atomic=\"true\"><\/p> <ul><\/ul><\/div>\n<form action=\"\/index.php\/wp-json\/wp\/v2\/pages\/1135#wpcf7-f594-o1\" method=\"post\" class=\"wpcf7-form init\" novalidate=\"novalidate\" data-status=\"init\">\n<div style=\"display: none;\">\n<input type=\"hidden\" name=\"_wpcf7\" value=\"594\" \/>\n<input type=\"hidden\" name=\"_wpcf7_version\" value=\"5.5.3\" \/>\n<input type=\"hidden\" name=\"_wpcf7_locale\" value=\"en_US\" \/>\n<input type=\"hidden\" name=\"_wpcf7_unit_tag\" value=\"wpcf7-f594-o1\" \/>\n<input type=\"hidden\" name=\"_wpcf7_container_post\" value=\"0\" \/>\n<input type=\"hidden\" name=\"_wpcf7_posted_data_hash\" value=\"\" \/>\n<input type=\"hidden\" name=\"_wpcf7cf_hidden_group_fields\" value=\"\" \/>\n<input type=\"hidden\" name=\"_wpcf7cf_hidden_groups\" value=\"\" \/>\n<input type=\"hidden\" name=\"_wpcf7cf_visible_groups\" value=\"\" \/>\n<input type=\"hidden\" name=\"_wpcf7cf_repeaters\" value=\"[]\" \/>\n<input type=\"hidden\" name=\"_wpcf7cf_steps\" value=\"{}\" \/>\n<input type=\"hidden\" name=\"_wpcf7cf_options\" value=\"{&quot;form_id&quot;:594,&quot;conditions&quot;:[],&quot;settings&quot;:{&quot;animation&quot;:&quot;yes&quot;,&quot;animation_intime&quot;:200,&quot;animation_outtime&quot;:200,&quot;conditions_ui&quot;:&quot;normal&quot;,&quot;notice_dismissed&quot;:false}}\" \/>\n<\/div>\n<span class=\"wpcf7-form-control-wrap your-message\"><textarea name=\"your-message\" cols=\"40\" rows=\"10\" class=\"wpcf7-form-control wpcf7-textarea\" aria-invalid=\"false\" placeholder=\"Mensaje\"><\/textarea><\/span>\n\n<div class=\"qodef-grid qodef-layout--columns qodef-col-num--2 qodef-responsive--predefined\">\n    <div class=\"qodef-grid-inner\">\n        <div class=\"qodef-grid-item\"><span class=\"wpcf7-form-control-wrap your-name\"><input type=\"text\" name=\"your-name\" value=\"\" size=\"40\" class=\"wpcf7-form-control wpcf7-text wpcf7-validates-as-required\" aria-required=\"true\" aria-invalid=\"false\" placeholder=\"Nombre\" \/><\/span><\/div>\n        <div class=\"qodef-grid-item\"><span class=\"wpcf7-form-control-wrap your-email\"><input type=\"email\" name=\"your-email\" value=\"\" size=\"40\" class=\"wpcf7-form-control wpcf7-text wpcf7-email wpcf7-validates-as-required wpcf7-validates-as-email\" aria-required=\"true\" aria-invalid=\"false\" placeholder=\"Correo\" \/><\/span><\/div><\/div><\/div>\n\n<button type=\"submit\" class=\"wpcf7-form-control wpcf7-submit qodef-size--full-width qodef-button qodef-size--normal qodef-type--filled qodef-m\"><span class=\"qodef-m-text\">Enviar<\/span><\/button><div class=\"wpcf7-response-output\" aria-hidden=\"true\"><\/div><\/form><\/div>\t\t\t<\/div>\n\t\t\t\t\t<\/div>\n\t\t\t\t<\/div>\n\t\t\t\t<div class=\"elementor-element elementor-element-cc6e75f elementor-widget elementor-widget-spacer\" data-id=\"cc6e75f\" data-element_type=\"widget\" data-widget_type=\"spacer.default\">\n\t\t\t\t<div class=\"elementor-widget-container\">\n\t\t\t\t\t<div class=\"elementor-spacer\">\n\t\t\t<div class=\"elementor-spacer-inner\"><\/div>\n\t\t<\/div>\n\t\t\t\t<\/div>\n\t\t\t\t<\/div>\n\t\t\t\t\t<\/div>\n\t\t<\/div>\n\t\t\t\t\t\t\t<\/div>\n\t\t<\/section>\n\t\t\t\t\t\t<\/div>\n\t\t\t\t\t<\/div>\n\t\t","protected":false},"excerpt":{"rendered":"<p>\u00bfQu\u00e9 necesitas? Escr\u00edbenos y cu\u00e9ntanos c\u00f3mo podemos ayudarte<\/p>\n","protected":false},"author":1,"featured_media":3200,"parent":0,"menu_order":0,"comment_status":"closed","ping_status":"closed","template":"","meta":{"footnotes":""},"class_list":["post-1135","page","type-page","status-publish","has-post-thumbnail","hentry"],"yoast_head":"<!-- This site is optimized with the Yoast SEO plugin v18.4.1 - https:\/\/yoast.com\/wordpress\/plugins\/seo\/ -->\n<title>Contacto - Casa Tortuga<\/title>\n<meta name=\"description\" content=\"Contacto la Casa Tortuga, Productora Audiovisual de Puerto Varas, Sur de Chile. te podemos ayudar con tus videos, escr\u00edbenos!\" \/>\n<meta name=\"robots\" content=\"index, follow, max-snippet:-1, max-image-preview:large, max-video-preview:-1\" \/>\n<link rel=\"canonical\" href=\"https:\/\/www.casatortuga.cl\/index.php\/contact-us\/\" \/>\n<meta property=\"og:locale\" content=\"es_ES\" \/>\n<meta property=\"og:type\" content=\"article\" \/>\n<meta property=\"og:title\" content=\"Contacto - Casa Tortuga\" \/>\n<meta property=\"og:description\" content=\"Contacto la Casa Tortuga, Productora Audiovisual de Puerto Varas, Sur de Chile. te podemos ayudar con tus videos, escr\u00edbenos!\" \/>\n<meta property=\"og:url\" content=\"https:\/\/www.casatortuga.cl\/index.php\/contact-us\/\" \/>\n<meta property=\"og:site_name\" content=\"Casa Tortuga\" \/>\n<meta property=\"article:modified_time\" content=\"2022-04-01T17:11:15+00:00\" \/>\n<meta property=\"og:image\" content=\"https:\/\/www.casatortuga.cl\/wp-content\/uploads\/revslider\/landing\/landing-slider-img-11.jpg\" \/>\n\t<meta property=\"og:image:width\" content=\"1920\" \/>\n\t<meta property=\"og:image:height\" content=\"1100\" \/>\n\t<meta property=\"og:image:type\" content=\"image\/jpeg\" \/>\n<meta name=\"twitter:card\" content=\"summary_large_image\" \/>\n<meta name=\"twitter:label1\" content=\"Tiempo de lectura\" \/>\n\t<meta name=\"twitter:data1\" content=\"1 minuto\" \/>\n<script type=\"application\/ld+json\" class=\"yoast-schema-graph\">{\"@context\":\"https:\/\/schema.org\",\"@graph\":[{\"@type\":\"WebSite\",\"@id\":\"https:\/\/www.casatortuga.cl\/#website\",\"url\":\"https:\/\/www.casatortuga.cl\/\",\"name\":\"Casa Tortuga\",\"description\":\"Productora Audiovisual \/ Puerto Varas\",\"potentialAction\":[{\"@type\":\"SearchAction\",\"target\":{\"@type\":\"EntryPoint\",\"urlTemplate\":\"https:\/\/www.casatortuga.cl\/?s={search_term_string}\"},\"query-input\":\"required name=search_term_string\"}],\"inLanguage\":\"es\"},{\"@type\":\"ImageObject\",\"@id\":\"https:\/\/www.casatortuga.cl\/index.php\/contact-us\/#primaryimage\",\"inLanguage\":\"es\",\"url\":\"https:\/\/www.casatortuga.cl\/wp-content\/uploads\/revslider\/landing\/landing-slider-img-11.jpg\",\"contentUrl\":\"https:\/\/www.casatortuga.cl\/wp-content\/uploads\/revslider\/landing\/landing-slider-img-11.jpg\",\"width\":1920,\"height\":1100},{\"@type\":\"WebPage\",\"@id\":\"https:\/\/www.casatortuga.cl\/index.php\/contact-us\/#webpage\",\"url\":\"https:\/\/www.casatortuga.cl\/index.php\/contact-us\/\",\"name\":\"Contacto - Casa Tortuga\",\"isPartOf\":{\"@id\":\"https:\/\/www.casatortuga.cl\/#website\"},\"primaryImageOfPage\":{\"@id\":\"https:\/\/www.casatortuga.cl\/index.php\/contact-us\/#primaryimage\"},\"datePublished\":\"2020-03-31T07:28:04+00:00\",\"dateModified\":\"2022-04-01T17:11:15+00:00\",\"description\":\"Contacto la Casa Tortuga, Productora Audiovisual de Puerto Varas, Sur de Chile. te podemos ayudar con tus videos, escr\u00edbenos!\",\"breadcrumb\":{\"@id\":\"https:\/\/www.casatortuga.cl\/index.php\/contact-us\/#breadcrumb\"},\"inLanguage\":\"es\",\"potentialAction\":[{\"@type\":\"ReadAction\",\"target\":[\"https:\/\/www.casatortuga.cl\/index.php\/contact-us\/\"]}]},{\"@type\":\"BreadcrumbList\",\"@id\":\"https:\/\/www.casatortuga.cl\/index.php\/contact-us\/#breadcrumb\",\"itemListElement\":[{\"@type\":\"ListItem\",\"position\":1,\"name\":\"Portada\",\"item\":\"https:\/\/www.casatortuga.cl\/\"},{\"@type\":\"ListItem\",\"position\":2,\"name\":\"Contacto\"}]}]}<\/script>\n<!-- \/ Yoast SEO plugin. -->","yoast_head_json":{"title":"Contacto - Casa Tortuga","description":"Contacto la Casa Tortuga, Productora Audiovisual de Puerto Varas, Sur de Chile. te podemos ayudar con tus videos, escr\u00edbenos!","robots":{"index":"index","follow":"follow","max-snippet":"max-snippet:-1","max-image-preview":"max-image-preview:large","max-video-preview":"max-video-preview:-1"},"canonical":"https:\/\/www.casatortuga.cl\/index.php\/contact-us\/","og_locale":"es_ES","og_type":"article","og_title":"Contacto - Casa Tortuga","og_description":"Contacto la Casa Tortuga, Productora Audiovisual de Puerto Varas, Sur de Chile. te podemos ayudar con tus videos, escr\u00edbenos!","og_url":"https:\/\/www.casatortuga.cl\/index.php\/contact-us\/","og_site_name":"Casa Tortuga","article_modified_time":"2022-04-01T17:11:15+00:00","og_image":[{"width":1920,"height":1100,"url":"https:\/\/www.casatortuga.cl\/wp-content\/uploads\/revslider\/landing\/landing-slider-img-11.jpg","type":"image\/jpeg"}],"twitter_card":"summary_large_image","twitter_misc":{"Tiempo de lectura":"1 minuto"},"schema":{"@context":"https:\/\/schema.org","@graph":[{"@type":"WebSite","@id":"https:\/\/www.casatortuga.cl\/#website","url":"https:\/\/www.casatortuga.cl\/","name":"Casa Tortuga","description":"Productora Audiovisual \/ Puerto Varas","potentialAction":[{"@type":"SearchAction","target":{"@type":"EntryPoint","urlTemplate":"https:\/\/www.casatortuga.cl\/?s={search_term_string}"},"query-input":"required name=search_term_string"}],"inLanguage":"es"},{"@type":"ImageObject","@id":"https:\/\/www.casatortuga.cl\/index.php\/contact-us\/#primaryimage","inLanguage":"es","url":"https:\/\/www.casatortuga.cl\/wp-content\/uploads\/revslider\/landing\/landing-slider-img-11.jpg","contentUrl":"https:\/\/www.casatortuga.cl\/wp-content\/uploads\/revslider\/landing\/landing-slider-img-11.jpg","width":1920,"height":1100},{"@type":"WebPage","@id":"https:\/\/www.casatortuga.cl\/index.php\/contact-us\/#webpage","url":"https:\/\/www.casatortuga.cl\/index.php\/contact-us\/","name":"Contacto - Casa Tortuga","isPartOf":{"@id":"https:\/\/www.casatortuga.cl\/#website"},"primaryImageOfPage":{"@id":"https:\/\/www.casatortuga.cl\/index.php\/contact-us\/#primaryimage"},"datePublished":"2020-03-31T07:28:04+00:00","dateModified":"2022-04-01T17:11:15+00:00","description":"Contacto la Casa Tortuga, Productora Audiovisual de Puerto Varas, Sur de Chile. te podemos ayudar con tus videos, escr\u00edbenos!","breadcrumb":{"@id":"https:\/\/www.casatortuga.cl\/index.php\/contact-us\/#breadcrumb"},"inLanguage":"es","potentialAction":[{"@type":"ReadAction","target":["https:\/\/www.casatortuga.cl\/index.php\/contact-us\/"]}]},{"@type":"BreadcrumbList","@id":"https:\/\/www.casatortuga.cl\/index.php\/contact-us\/#breadcrumb","itemListElement":[{"@type":"ListItem","position":1,"name":"Portada","item":"https:\/\/www.casatortuga.cl\/"},{"@type":"ListItem","position":2,"name":"Contacto"}]}]}},"_links":{"self":[{"href":"https:\/\/www.casatortuga.cl\/index.php\/wp-json\/wp\/v2\/pages\/1135","targetHints":{"allow":["GET"]}}],"collection":[{"href":"https:\/\/www.casatortuga.cl\/index.php\/wp-json\/wp\/v2\/pages"}],"about":[{"href":"https:\/\/www.casatortuga.cl\/index.php\/wp-json\/wp\/v2\/types\/page"}],"author":[{"embeddable":true,"href":"https:\/\/www.casatortuga.cl\/index.php\/wp-json\/wp\/v2\/users\/1"}],"replies":[{"embeddable":true,"href":"https:\/\/www.casatortuga.cl\/index.php\/wp-json\/wp\/v2\/comments?post=1135"}],"version-history":[{"count":36,"href":"https:\/\/www.casatortuga.cl\/index.php\/wp-json\/wp\/v2\/pages\/1135\/revisions"}],"predecessor-version":[{"id":4168,"href":"https:\/\/www.casatortuga.cl\/index.php\/wp-json\/wp\/v2\/pages\/1135\/revisions\/4168"}],"wp:featuredmedia":[{"embeddable":true,"href":"https:\/\/www.casatortuga.cl\/index.php\/wp-json\/wp\/v2\/media\/3200"}],"wp:attachment":[{"href":"https:\/\/www.casatortuga.cl\/index.php\/wp-json\/wp\/v2\/media?parent=1135"}],"curies":[{"name":"wp","href":"https:\/\/api.w.org\/{rel}","templated":true}]}}