{"id":3942,"date":"2022-03-15T19:54:37","date_gmt":"2022-03-15T19:54:37","guid":{"rendered":"https:\/\/www.casatortuga.cl\/?page_id=3942"},"modified":"2022-03-31T23:45:28","modified_gmt":"2022-03-31T23:45:28","slug":"la-madre-el-hijo-y-la-abuela","status":"publish","type":"page","link":"https:\/\/www.casatortuga.cl\/index.php\/portfolio\/la-madre-el-hijo-y-la-abuela\/","title":{"rendered":"La Madre el Hijo y la Abuela"},"content":{"rendered":"\t\t<div data-elementor-type=\"wp-page\" data-elementor-id=\"3942\" class=\"elementor elementor-3942\" data-elementor-settings=\"[]\">\n\t\t\t\t\t\t\t<div class=\"elementor-section-wrap\">\n\t\t\t\t\t\t\t<section class=\"elementor-section elementor-top-section elementor-element elementor-element-9ca59de elementor-section-full_width elementor-section-height-default elementor-section-height-default qodef-elementor-content-no\" data-id=\"9ca59de\" data-element_type=\"section\">\n\t\t\t\t\t\t<div class=\"elementor-container elementor-column-gap-no\">\n\t\t\t\t\t<div class=\"elementor-column elementor-col-100 elementor-top-column elementor-element elementor-element-e8f8230\" data-id=\"e8f8230\" data-element_type=\"column\">\n\t\t\t<div class=\"elementor-widget-wrap elementor-element-populated\">\n\t\t\t\t\t\t\t\t<div class=\"elementor-element elementor-element-28d361a elementor-widget-divider--view-line elementor-widget elementor-widget-divider\" data-id=\"28d361a\" data-element_type=\"widget\" data-widget_type=\"divider.default\">\n\t\t\t\t<div class=\"elementor-widget-container\">\n\t\t\t\t\t<div class=\"elementor-divider\">\n\t\t\t<span class=\"elementor-divider-separator\">\n\t\t\t\t\t\t<\/span>\n\t\t<\/div>\n\t\t\t\t<\/div>\n\t\t\t\t<\/div>\n\t\t\t\t\t<\/div>\n\t\t<\/div>\n\t\t\t\t\t\t\t<\/div>\n\t\t<\/section>\n\t\t\t\t<section class=\"elementor-section elementor-top-section elementor-element elementor-element-ea21e33 elementor-section-boxed elementor-section-height-default elementor-section-height-default qodef-elementor-content-no\" data-id=\"ea21e33\" data-element_type=\"section\">\n\t\t\t\t\t\t<div class=\"elementor-container elementor-column-gap-default\">\n\t\t\t\t\t<div class=\"elementor-column elementor-col-50 elementor-top-column elementor-element elementor-element-8a0e1c5\" data-id=\"8a0e1c5\" data-element_type=\"column\">\n\t\t\t<div class=\"elementor-widget-wrap\">\n\t\t\t\t\t\t\t\t\t<\/div>\n\t\t<\/div>\n\t\t\t\t<div class=\"elementor-column elementor-col-50 elementor-top-column elementor-element elementor-element-8c78b9d\" data-id=\"8c78b9d\" data-element_type=\"column\">\n\t\t\t<div class=\"elementor-widget-wrap\">\n\t\t\t\t\t\t\t\t\t<\/div>\n\t\t<\/div>\n\t\t\t\t\t\t\t<\/div>\n\t\t<\/section>\n\t\t\t\t<section class=\"elementor-section elementor-top-section elementor-element elementor-element-30913e8 elementor-section-boxed elementor-section-height-default elementor-section-height-default qodef-elementor-content-no\" data-id=\"30913e8\" data-element_type=\"section\">\n\t\t\t\t\t\t<div class=\"elementor-container elementor-column-gap-default\">\n\t\t\t\t\t<div class=\"elementor-column elementor-col-66 elementor-top-column elementor-element elementor-element-880d2a8\" data-id=\"880d2a8\" data-element_type=\"column\">\n\t\t\t<div class=\"elementor-widget-wrap elementor-element-populated\">\n\t\t\t\t\t\t\t\t<div class=\"elementor-element elementor-element-497ca4b elementor-widget elementor-widget-pelicula_core_section_title\" data-id=\"497ca4b\" data-element_type=\"widget\" data-widget_type=\"pelicula_core_section_title.default\">\n\t\t\t\t<div class=\"elementor-widget-container\">\n\t\t\t<div class=\"qodef-shortcode qodef-m  qodef-section-title qodef-alignment--left \" data-holder-options=\"{&quot;line-breaks&quot;:&quot;&quot;}\">\n\t\t<h6 class=\"qodef-m-tagline\" >\n\t\tLargometraje Ficci\u00f3n\t<\/h6>\n\t    \t<h2 class=\"qodef-m-title\" >\n\t\t\tLa Madre el Hijo y la Abuela \t<\/h2>\n    \t<\/div>\t\t<\/div>\n\t\t\t\t<\/div>\n\t\t\t\t<div class=\"elementor-element elementor-element-1c85da4 elementor-widget elementor-widget-text-editor\" data-id=\"1c85da4\" data-element_type=\"widget\" data-widget_type=\"text-editor.default\">\n\t\t\t\t<div class=\"elementor-widget-container\">\n\t\t\t\t\t\t\t<p>Sinopsis: Con su proyecto fotogr\u00e1fico personal, Crist\u00f3bal llega a Chait\u00e9n, luego de la erupci\u00f3n de un volc\u00e1n cercano. En este viaje conoce a Ana y Mar\u00eda, con quienes establece una provisoria familia viviendo \u00edntimos momentos de cambio.<\/p><p><strong>Premios : Estreno internacional 35\u00aa Torino IFF, CORFO Distribuci\u00f3n 2018, FNDR 2% Los Lagos 2014, Mejor Actriz en Bariloche Film Fest 2019.<\/strong><\/p><p><strong>Ficha t\u00e9cnica:<\/strong><br \/>Gui\u00f3n y Direcci\u00f3n: Benjam\u00edn Brunet<br \/>Producci\u00f3n General : Markus Wilmer<br \/>Producci\u00f3n Ejecutiva : Alejandro Ugarte<br \/>Compa\u00f1\u00eda : La Casa Tortuga, Infractor Films, Respiral Audiovisual<br \/>Director de Fotograf\u00eda : Gonzalo Aburto<br \/>Montaje : Roland Rodr\u00edguez, Juan C\u00e1ceres, Benjam\u00edn Brunet<br \/>Director de Arte : Cynthia Ferrada<br \/>Dise\u00f1o Sonoro : Rub\u00e9n Jeraldo<\/p>\t\t\t\t\t\t<\/div>\n\t\t\t\t<\/div>\n\t\t\t\t\t<\/div>\n\t\t<\/div>\n\t\t\t\t<div class=\"elementor-column elementor-col-33 elementor-top-column elementor-element elementor-element-3794f91\" data-id=\"3794f91\" data-element_type=\"column\">\n\t\t\t<div class=\"elementor-widget-wrap elementor-element-populated\">\n\t\t\t\t\t\t\t\t<div class=\"elementor-element elementor-element-520204c elementor-widget elementor-widget-image\" data-id=\"520204c\" data-element_type=\"widget\" data-widget_type=\"image.default\">\n\t\t\t\t<div class=\"elementor-widget-container\">\n\t\t\t\t\t\t\t\t\t\t\t\t\t\t\t<img loading=\"lazy\" decoding=\"async\" width=\"768\" height=\"1097\" src=\"https:\/\/www.casatortuga.cl\/wp-content\/uploads\/2022\/03\/AFICHE_OFICIAL_DIST_2017_ALTA-1-768x1097.jpg\" class=\"attachment-medium_large size-medium_large\" alt=\"\" srcset=\"https:\/\/www.casatortuga.cl\/wp-content\/uploads\/2022\/03\/AFICHE_OFICIAL_DIST_2017_ALTA-1-768x1097.jpg 768w, https:\/\/www.casatortuga.cl\/wp-content\/uploads\/2022\/03\/AFICHE_OFICIAL_DIST_2017_ALTA-1-210x300.jpg 210w, https:\/\/www.casatortuga.cl\/wp-content\/uploads\/2022\/03\/AFICHE_OFICIAL_DIST_2017_ALTA-1-717x1024.jpg 717w, https:\/\/www.casatortuga.cl\/wp-content\/uploads\/2022\/03\/AFICHE_OFICIAL_DIST_2017_ALTA-1-600x857.jpg 600w, https:\/\/www.casatortuga.cl\/wp-content\/uploads\/2022\/03\/AFICHE_OFICIAL_DIST_2017_ALTA-1.jpg 1000w\" sizes=\"auto, (max-width: 768px) 100vw, 768px\" \/>\t\t\t\t\t\t\t\t\t\t\t\t\t\t\t<\/div>\n\t\t\t\t<\/div>\n\t\t\t\t\t<\/div>\n\t\t<\/div>\n\t\t\t\t\t\t\t<\/div>\n\t\t<\/section>\n\t\t\t\t<section class=\"elementor-section elementor-top-section elementor-element elementor-element-6aee276 elementor-section-boxed elementor-section-height-default elementor-section-height-default qodef-elementor-content-no\" data-id=\"6aee276\" data-element_type=\"section\">\n\t\t\t\t\t\t<div class=\"elementor-container elementor-column-gap-default\">\n\t\t\t\t\t<div class=\"elementor-column elementor-col-100 elementor-top-column elementor-element elementor-element-acdbf8f\" data-id=\"acdbf8f\" data-element_type=\"column\">\n\t\t\t<div class=\"elementor-widget-wrap\">\n\t\t\t\t\t\t\t\t\t<\/div>\n\t\t<\/div>\n\t\t\t\t\t\t\t<\/div>\n\t\t<\/section>\n\t\t\t\t<section class=\"elementor-section elementor-top-section elementor-element elementor-element-9bcaff9 elementor-section-boxed elementor-section-height-default elementor-section-height-default qodef-elementor-content-no\" data-id=\"9bcaff9\" data-element_type=\"section\">\n\t\t\t\t\t\t<div class=\"elementor-container elementor-column-gap-default\">\n\t\t\t\t\t<div class=\"elementor-column elementor-col-50 elementor-top-column elementor-element elementor-element-0e85bd1\" data-id=\"0e85bd1\" data-element_type=\"column\">\n\t\t\t<div class=\"elementor-widget-wrap elementor-element-populated\">\n\t\t\t\t\t\t\t\t<div class=\"elementor-element elementor-element-02f5345 elementor-widget elementor-widget-pelicula_core_image_gallery\" data-id=\"02f5345\" data-element_type=\"widget\" data-widget_type=\"pelicula_core_image_gallery.default\">\n\t\t\t\t<div class=\"elementor-widget-container\">\n\t\t\t<div class=\"qodef-shortcode qodef-m  qodef-image-gallery  qodef-grid qodef-swiper-container   qodef-gutter--no qodef-col-num--1  qodef-responsive--predefined\" data-options=\"{&quot;slidesPerView&quot;:&quot;1&quot;,&quot;spaceBetween&quot;:0,&quot;loop&quot;:true,&quot;autoplay&quot;:true,&quot;speed&quot;:&quot;&quot;,&quot;speedAnimation&quot;:&quot;&quot;,&quot;slideAnimation&quot;:&quot;&quot;}\">\n\t<div class=\"swiper-wrapper\">\n\t\t<div class=\"qodef-e qodef-image-wrapper swiper-slide\">\n\t\t\t<img loading=\"lazy\" decoding=\"async\" width=\"1000\" height=\"667\" src=\"https:\/\/www.casatortuga.cl\/wp-content\/uploads\/2022\/03\/IMG_6948.jpg\" class=\"attachment-full size-full\" alt=\"\" srcset=\"https:\/\/www.casatortuga.cl\/wp-content\/uploads\/2022\/03\/IMG_6948.jpg 1000w, https:\/\/www.casatortuga.cl\/wp-content\/uploads\/2022\/03\/IMG_6948-300x200.jpg 300w, https:\/\/www.casatortuga.cl\/wp-content\/uploads\/2022\/03\/IMG_6948-768x512.jpg 768w, https:\/\/www.casatortuga.cl\/wp-content\/uploads\/2022\/03\/IMG_6948-600x400.jpg 600w\" sizes=\"auto, (max-width: 1000px) 100vw, 1000px\" \/>\t<\/div><div class=\"qodef-e qodef-image-wrapper swiper-slide\">\n\t\t\t<img loading=\"lazy\" decoding=\"async\" width=\"1000\" height=\"667\" src=\"https:\/\/www.casatortuga.cl\/wp-content\/uploads\/2022\/03\/IMG_6942.jpg\" class=\"attachment-full size-full\" alt=\"\" srcset=\"https:\/\/www.casatortuga.cl\/wp-content\/uploads\/2022\/03\/IMG_6942.jpg 1000w, https:\/\/www.casatortuga.cl\/wp-content\/uploads\/2022\/03\/IMG_6942-300x200.jpg 300w, https:\/\/www.casatortuga.cl\/wp-content\/uploads\/2022\/03\/IMG_6942-768x512.jpg 768w, https:\/\/www.casatortuga.cl\/wp-content\/uploads\/2022\/03\/IMG_6942-600x400.jpg 600w\" sizes=\"auto, (max-width: 1000px) 100vw, 1000px\" \/>\t<\/div><div class=\"qodef-e qodef-image-wrapper swiper-slide\">\n\t\t\t<img loading=\"lazy\" decoding=\"async\" width=\"1000\" height=\"667\" src=\"https:\/\/www.casatortuga.cl\/wp-content\/uploads\/2022\/03\/IMG_6373.jpg\" class=\"attachment-full size-full\" alt=\"\" srcset=\"https:\/\/www.casatortuga.cl\/wp-content\/uploads\/2022\/03\/IMG_6373.jpg 1000w, https:\/\/www.casatortuga.cl\/wp-content\/uploads\/2022\/03\/IMG_6373-300x200.jpg 300w, https:\/\/www.casatortuga.cl\/wp-content\/uploads\/2022\/03\/IMG_6373-768x512.jpg 768w, https:\/\/www.casatortuga.cl\/wp-content\/uploads\/2022\/03\/IMG_6373-600x400.jpg 600w\" sizes=\"auto, (max-width: 1000px) 100vw, 1000px\" \/>\t<\/div><div class=\"qodef-e qodef-image-wrapper swiper-slide\">\n\t\t\t<img loading=\"lazy\" decoding=\"async\" width=\"1000\" height=\"667\" src=\"https:\/\/www.casatortuga.cl\/wp-content\/uploads\/2022\/03\/IMG_6343.jpg\" class=\"attachment-full size-full\" alt=\"\" srcset=\"https:\/\/www.casatortuga.cl\/wp-content\/uploads\/2022\/03\/IMG_6343.jpg 1000w, https:\/\/www.casatortuga.cl\/wp-content\/uploads\/2022\/03\/IMG_6343-300x200.jpg 300w, https:\/\/www.casatortuga.cl\/wp-content\/uploads\/2022\/03\/IMG_6343-768x512.jpg 768w, https:\/\/www.casatortuga.cl\/wp-content\/uploads\/2022\/03\/IMG_6343-600x400.jpg 600w\" sizes=\"auto, (max-width: 1000px) 100vw, 1000px\" \/>\t<\/div><div class=\"qodef-e qodef-image-wrapper swiper-slide\">\n\t\t\t<img loading=\"lazy\" decoding=\"async\" width=\"1000\" height=\"667\" src=\"https:\/\/www.casatortuga.cl\/wp-content\/uploads\/2022\/03\/IMG_6061.jpg\" class=\"attachment-full size-full\" alt=\"\" srcset=\"https:\/\/www.casatortuga.cl\/wp-content\/uploads\/2022\/03\/IMG_6061.jpg 1000w, https:\/\/www.casatortuga.cl\/wp-content\/uploads\/2022\/03\/IMG_6061-300x200.jpg 300w, https:\/\/www.casatortuga.cl\/wp-content\/uploads\/2022\/03\/IMG_6061-768x512.jpg 768w, https:\/\/www.casatortuga.cl\/wp-content\/uploads\/2022\/03\/IMG_6061-600x400.jpg 600w\" sizes=\"auto, (max-width: 1000px) 100vw, 1000px\" \/>\t<\/div>\t<\/div>\n\t\t<\/div>\t\t<\/div>\n\t\t\t\t<\/div>\n\t\t\t\t\t<\/div>\n\t\t<\/div>\n\t\t\t\t<div class=\"elementor-column elementor-col-50 elementor-top-column elementor-element elementor-element-b0d2524\" data-id=\"b0d2524\" data-element_type=\"column\">\n\t\t\t<div class=\"elementor-widget-wrap elementor-element-populated\">\n\t\t\t\t\t\t\t\t<div class=\"elementor-element elementor-element-d232a02 elementor-widget elementor-widget-pelicula_core_video_button\" data-id=\"d232a02\" data-element_type=\"widget\" data-widget_type=\"pelicula_core_video_button.default\">\n\t\t\t\t<div class=\"elementor-widget-container\">\n\t\t\t<div class=\"qodef-shortcode qodef-m  qodef-video-button qodef--has-img\">\n\t    <div class=\"qodef-m-image\">\n\t\t<img loading=\"lazy\" decoding=\"async\" width=\"1000\" height=\"667\" src=\"https:\/\/www.casatortuga.cl\/wp-content\/uploads\/2022\/03\/IMG_6782.jpg\" class=\"attachment-full size-full\" alt=\"\" srcset=\"https:\/\/www.casatortuga.cl\/wp-content\/uploads\/2022\/03\/IMG_6782.jpg 1000w, https:\/\/www.casatortuga.cl\/wp-content\/uploads\/2022\/03\/IMG_6782-300x200.jpg 300w, https:\/\/www.casatortuga.cl\/wp-content\/uploads\/2022\/03\/IMG_6782-768x512.jpg 768w, https:\/\/www.casatortuga.cl\/wp-content\/uploads\/2022\/03\/IMG_6782-600x400.jpg 600w\" sizes=\"auto, (max-width: 1000px) 100vw, 1000px\" \/>    <\/div>\n\t\t<a itemprop=\"url\" class=\"qodef-m-play qodef-magnific-popup qodef-popup-item\"  href=\"https:\/\/vimeo.com\/187686482\" data-type=\"iframe\">\n\t\t<span class=\"qodef-m-play-inner\">\n\t\t\t<span class=\"qodef-icon-ionicons ion-md-play\" ><\/span>\t\t<\/span>\n\t<\/a>\n<\/div>\t\t<\/div>\n\t\t\t\t<\/div>\n\t\t\t\t\t<\/div>\n\t\t<\/div>\n\t\t\t\t\t\t\t<\/div>\n\t\t<\/section>\n\t\t\t\t<section class=\"elementor-section elementor-top-section elementor-element elementor-element-c63bfa6 elementor-section-boxed elementor-section-height-default elementor-section-height-default qodef-elementor-content-no\" data-id=\"c63bfa6\" data-element_type=\"section\">\n\t\t\t\t\t\t<div class=\"elementor-container elementor-column-gap-default\">\n\t\t\t\t\t<div class=\"elementor-column elementor-col-100 elementor-top-column elementor-element elementor-element-6007b43\" data-id=\"6007b43\" data-element_type=\"column\">\n\t\t\t<div class=\"elementor-widget-wrap elementor-element-populated\">\n\t\t\t\t\t\t\t\t<div class=\"elementor-element elementor-element-ee162a4 elementor-widget elementor-widget-pelicula_core_separator\" data-id=\"ee162a4\" data-element_type=\"widget\" data-widget_type=\"pelicula_core_separator.default\">\n\t\t\t\t<div class=\"elementor-widget-container\">\n\t\t\t<div class=\"qodef-shortcode qodef-m  qodef-separator clear \">\n\t<div class=\"qodef-m-line\" ><\/div>\n<\/div>\t\t<\/div>\n\t\t\t\t<\/div>\n\t\t\t\t\t<\/div>\n\t\t<\/div>\n\t\t\t\t\t\t\t<\/div>\n\t\t<\/section>\n\t\t\t\t<section class=\"elementor-section elementor-top-section elementor-element elementor-element-9795521 elementor-section-boxed elementor-section-height-default elementor-section-height-default qodef-elementor-content-no\" data-id=\"9795521\" data-element_type=\"section\">\n\t\t\t\t\t\t<div class=\"elementor-container elementor-column-gap-default\">\n\t\t\t\t\t<div class=\"elementor-column elementor-col-20 elementor-top-column elementor-element elementor-element-7a763f0\" data-id=\"7a763f0\" data-element_type=\"column\">\n\t\t\t<div class=\"elementor-widget-wrap elementor-element-populated\">\n\t\t\t\t\t\t\t\t<div class=\"elementor-element elementor-element-059689a elementor-widget elementor-widget-pelicula_core_button\" data-id=\"059689a\" data-element_type=\"widget\" data-widget_type=\"pelicula_core_button.default\">\n\t\t\t\t<div class=\"elementor-widget-container\">\n\t\t\t<a class=\"qodef-shortcode qodef-m  qodef-button qodef-layout--filled  qodef-html--link\" href=\"https:\/\/www.casatortuga.cl\/index.php\/portfolio\/maria-ojos-negros\/\" target=\"_self\" data-hover-color=\"#9F9F9F\" >\n\t<span class=\"qodef-m-text\">anterior<\/span>\n<\/a>\t\t<\/div>\n\t\t\t\t<\/div>\n\t\t\t\t\t<\/div>\n\t\t<\/div>\n\t\t\t\t<div class=\"elementor-column elementor-col-20 elementor-top-column elementor-element elementor-element-2ec2d98\" data-id=\"2ec2d98\" data-element_type=\"column\">\n\t\t\t<div class=\"elementor-widget-wrap\">\n\t\t\t\t\t\t\t\t\t<\/div>\n\t\t<\/div>\n\t\t\t\t<div class=\"elementor-column elementor-col-20 elementor-top-column elementor-element elementor-element-4be4e03\" data-id=\"4be4e03\" data-element_type=\"column\">\n\t\t\t<div class=\"elementor-widget-wrap\">\n\t\t\t\t\t\t\t\t\t<\/div>\n\t\t<\/div>\n\t\t\t\t<div class=\"elementor-column elementor-col-20 elementor-top-column elementor-element elementor-element-9177f7e\" data-id=\"9177f7e\" data-element_type=\"column\">\n\t\t\t<div class=\"elementor-widget-wrap\">\n\t\t\t\t\t\t\t\t\t<\/div>\n\t\t<\/div>\n\t\t\t\t<div class=\"elementor-column elementor-col-20 elementor-top-column elementor-element elementor-element-9e3d7a8\" data-id=\"9e3d7a8\" data-element_type=\"column\">\n\t\t\t<div class=\"elementor-widget-wrap elementor-element-populated\">\n\t\t\t\t\t\t\t\t<div class=\"elementor-element elementor-element-c17ea19 elementor-widget elementor-widget-pelicula_core_button\" data-id=\"c17ea19\" data-element_type=\"widget\" data-widget_type=\"pelicula_core_button.default\">\n\t\t\t\t<div class=\"elementor-widget-container\">\n\t\t\t<a class=\"qodef-shortcode qodef-m  qodef-button qodef-layout--filled  qodef-html--link\" href=\"https:\/\/www.casatortuga.cl\/index.php\/portfolio\/la-lluvia-no-elige-donde-caer\" target=\"_self\" data-hover-color=\"#9F9F9F\" >\n\t<span class=\"qodef-m-text\">siguiente<\/span>\n<\/a>\t\t<\/div>\n\t\t\t\t<\/div>\n\t\t\t\t\t<\/div>\n\t\t<\/div>\n\t\t\t\t\t\t\t<\/div>\n\t\t<\/section>\n\t\t\t\t<section class=\"elementor-section elementor-top-section elementor-element elementor-element-ed97da0 elementor-section-boxed elementor-section-height-default elementor-section-height-default qodef-elementor-content-no\" data-id=\"ed97da0\" data-element_type=\"section\">\n\t\t\t\t\t\t<div class=\"elementor-container elementor-column-gap-default\">\n\t\t\t\t\t<div class=\"elementor-column elementor-col-100 elementor-top-column elementor-element elementor-element-d203ed4\" data-id=\"d203ed4\" data-element_type=\"column\">\n\t\t\t<div class=\"elementor-widget-wrap\">\n\t\t\t\t\t\t\t\t\t<\/div>\n\t\t<\/div>\n\t\t\t\t\t\t\t<\/div>\n\t\t<\/section>\n\t\t\t\t\t\t<\/div>\n\t\t\t\t\t<\/div>\n\t\t","protected":false},"excerpt":{"rendered":"<p>Largometraje Ficci\u00f3n La Madre el Hijo y la Abuela Sinopsis: Con su proyecto fotogr\u00e1fico personal, Crist\u00f3bal llega a Chait\u00e9n, luego de la erupci\u00f3n de un volc\u00e1n cercano. En este viaje conoce a Ana y Mar\u00eda, con quienes establece una provisoria familia viviendo \u00edntimos momentos de cambio. Premios : Estreno internacional 35\u00aa Torino IFF, CORFO Distribuci\u00f3n [&hellip;]<\/p>\n","protected":false},"author":1,"featured_media":0,"parent":1629,"menu_order":0,"comment_status":"closed","ping_status":"closed","template":"page-full-width.php","meta":{"footnotes":""},"class_list":["post-3942","page","type-page","status-publish","hentry"],"yoast_head":"<!-- This site is optimized with the Yoast SEO plugin v18.4.1 - https:\/\/yoast.com\/wordpress\/plugins\/seo\/ -->\n<title>La Madre el Hijo y la Abuela - Casa Tortuga<\/title>\n<meta name=\"robots\" content=\"index, follow, max-snippet:-1, max-image-preview:large, max-video-preview:-1\" \/>\n<link rel=\"canonical\" href=\"https:\/\/www.casatortuga.cl\/index.php\/portfolio\/la-madre-el-hijo-y-la-abuela\/\" \/>\n<meta property=\"og:locale\" content=\"es_ES\" \/>\n<meta property=\"og:type\" content=\"article\" \/>\n<meta property=\"og:title\" content=\"La Madre el Hijo y la Abuela - Casa Tortuga\" \/>\n<meta property=\"og:description\" content=\"Largometraje Ficci\u00f3n La Madre el Hijo y la Abuela Sinopsis: Con su proyecto fotogr\u00e1fico personal, Crist\u00f3bal llega a Chait\u00e9n, luego de la erupci\u00f3n de un volc\u00e1n cercano. En este viaje conoce a Ana y Mar\u00eda, con quienes establece una provisoria familia viviendo \u00edntimos momentos de cambio. Premios : Estreno internacional 35\u00aa Torino IFF, CORFO Distribuci\u00f3n [&hellip;]\" \/>\n<meta property=\"og:url\" content=\"https:\/\/www.casatortuga.cl\/index.php\/portfolio\/la-madre-el-hijo-y-la-abuela\/\" \/>\n<meta property=\"og:site_name\" content=\"Casa Tortuga\" \/>\n<meta property=\"article:modified_time\" content=\"2022-03-31T23:45:28+00:00\" \/>\n<meta property=\"og:image\" content=\"https:\/\/www.casatortuga.cl\/wp-content\/uploads\/2022\/03\/AFICHE_OFICIAL_DIST_2017_ALTA-1-768x1097.jpg\" \/>\n<meta name=\"twitter:card\" content=\"summary_large_image\" \/>\n<meta name=\"twitter:label1\" content=\"Tiempo de lectura\" \/>\n\t<meta name=\"twitter:data1\" content=\"1 minuto\" \/>\n<script type=\"application\/ld+json\" class=\"yoast-schema-graph\">{\"@context\":\"https:\/\/schema.org\",\"@graph\":[{\"@type\":\"WebSite\",\"@id\":\"https:\/\/www.casatortuga.cl\/#website\",\"url\":\"https:\/\/www.casatortuga.cl\/\",\"name\":\"Casa Tortuga\",\"description\":\"Productora Audiovisual \/ Puerto Varas\",\"potentialAction\":[{\"@type\":\"SearchAction\",\"target\":{\"@type\":\"EntryPoint\",\"urlTemplate\":\"https:\/\/www.casatortuga.cl\/?s={search_term_string}\"},\"query-input\":\"required name=search_term_string\"}],\"inLanguage\":\"es\"},{\"@type\":\"ImageObject\",\"@id\":\"https:\/\/www.casatortuga.cl\/index.php\/portfolio\/la-madre-el-hijo-y-la-abuela\/#primaryimage\",\"inLanguage\":\"es\",\"url\":\"https:\/\/www.casatortuga.cl\/wp-content\/uploads\/2022\/03\/AFICHE_OFICIAL_DIST_2017_ALTA-1.jpg\",\"contentUrl\":\"https:\/\/www.casatortuga.cl\/wp-content\/uploads\/2022\/03\/AFICHE_OFICIAL_DIST_2017_ALTA-1.jpg\",\"width\":1000,\"height\":1429},{\"@type\":\"WebPage\",\"@id\":\"https:\/\/www.casatortuga.cl\/index.php\/portfolio\/la-madre-el-hijo-y-la-abuela\/#webpage\",\"url\":\"https:\/\/www.casatortuga.cl\/index.php\/portfolio\/la-madre-el-hijo-y-la-abuela\/\",\"name\":\"La Madre el Hijo y la Abuela - Casa Tortuga\",\"isPartOf\":{\"@id\":\"https:\/\/www.casatortuga.cl\/#website\"},\"primaryImageOfPage\":{\"@id\":\"https:\/\/www.casatortuga.cl\/index.php\/portfolio\/la-madre-el-hijo-y-la-abuela\/#primaryimage\"},\"datePublished\":\"2022-03-15T19:54:37+00:00\",\"dateModified\":\"2022-03-31T23:45:28+00:00\",\"breadcrumb\":{\"@id\":\"https:\/\/www.casatortuga.cl\/index.php\/portfolio\/la-madre-el-hijo-y-la-abuela\/#breadcrumb\"},\"inLanguage\":\"es\",\"potentialAction\":[{\"@type\":\"ReadAction\",\"target\":[\"https:\/\/www.casatortuga.cl\/index.php\/portfolio\/la-madre-el-hijo-y-la-abuela\/\"]}]},{\"@type\":\"BreadcrumbList\",\"@id\":\"https:\/\/www.casatortuga.cl\/index.php\/portfolio\/la-madre-el-hijo-y-la-abuela\/#breadcrumb\",\"itemListElement\":[{\"@type\":\"ListItem\",\"position\":1,\"name\":\"Portada\",\"item\":\"https:\/\/www.casatortuga.cl\/\"},{\"@type\":\"ListItem\",\"position\":2,\"name\":\"Portfolio\",\"item\":\"https:\/\/www.casatortuga.cl\/index.php\/portfolio\/\"},{\"@type\":\"ListItem\",\"position\":3,\"name\":\"La Madre el Hijo y la Abuela\"}]}]}<\/script>\n<!-- \/ Yoast SEO plugin. -->","yoast_head_json":{"title":"La Madre el Hijo y la Abuela - Casa Tortuga","robots":{"index":"index","follow":"follow","max-snippet":"max-snippet:-1","max-image-preview":"max-image-preview:large","max-video-preview":"max-video-preview:-1"},"canonical":"https:\/\/www.casatortuga.cl\/index.php\/portfolio\/la-madre-el-hijo-y-la-abuela\/","og_locale":"es_ES","og_type":"article","og_title":"La Madre el Hijo y la Abuela - Casa Tortuga","og_description":"Largometraje Ficci\u00f3n La Madre el Hijo y la Abuela Sinopsis: Con su proyecto fotogr\u00e1fico personal, Crist\u00f3bal llega a Chait\u00e9n, luego de la erupci\u00f3n de un volc\u00e1n cercano. En este viaje conoce a Ana y Mar\u00eda, con quienes establece una provisoria familia viviendo \u00edntimos momentos de cambio. Premios : Estreno internacional 35\u00aa Torino IFF, CORFO Distribuci\u00f3n [&hellip;]","og_url":"https:\/\/www.casatortuga.cl\/index.php\/portfolio\/la-madre-el-hijo-y-la-abuela\/","og_site_name":"Casa Tortuga","article_modified_time":"2022-03-31T23:45:28+00:00","og_image":[{"url":"https:\/\/www.casatortuga.cl\/wp-content\/uploads\/2022\/03\/AFICHE_OFICIAL_DIST_2017_ALTA-1-768x1097.jpg"}],"twitter_card":"summary_large_image","twitter_misc":{"Tiempo de lectura":"1 minuto"},"schema":{"@context":"https:\/\/schema.org","@graph":[{"@type":"WebSite","@id":"https:\/\/www.casatortuga.cl\/#website","url":"https:\/\/www.casatortuga.cl\/","name":"Casa Tortuga","description":"Productora Audiovisual \/ Puerto Varas","potentialAction":[{"@type":"SearchAction","target":{"@type":"EntryPoint","urlTemplate":"https:\/\/www.casatortuga.cl\/?s={search_term_string}"},"query-input":"required name=search_term_string"}],"inLanguage":"es"},{"@type":"ImageObject","@id":"https:\/\/www.casatortuga.cl\/index.php\/portfolio\/la-madre-el-hijo-y-la-abuela\/#primaryimage","inLanguage":"es","url":"https:\/\/www.casatortuga.cl\/wp-content\/uploads\/2022\/03\/AFICHE_OFICIAL_DIST_2017_ALTA-1.jpg","contentUrl":"https:\/\/www.casatortuga.cl\/wp-content\/uploads\/2022\/03\/AFICHE_OFICIAL_DIST_2017_ALTA-1.jpg","width":1000,"height":1429},{"@type":"WebPage","@id":"https:\/\/www.casatortuga.cl\/index.php\/portfolio\/la-madre-el-hijo-y-la-abuela\/#webpage","url":"https:\/\/www.casatortuga.cl\/index.php\/portfolio\/la-madre-el-hijo-y-la-abuela\/","name":"La Madre el Hijo y la Abuela - Casa Tortuga","isPartOf":{"@id":"https:\/\/www.casatortuga.cl\/#website"},"primaryImageOfPage":{"@id":"https:\/\/www.casatortuga.cl\/index.php\/portfolio\/la-madre-el-hijo-y-la-abuela\/#primaryimage"},"datePublished":"2022-03-15T19:54:37+00:00","dateModified":"2022-03-31T23:45:28+00:00","breadcrumb":{"@id":"https:\/\/www.casatortuga.cl\/index.php\/portfolio\/la-madre-el-hijo-y-la-abuela\/#breadcrumb"},"inLanguage":"es","potentialAction":[{"@type":"ReadAction","target":["https:\/\/www.casatortuga.cl\/index.php\/portfolio\/la-madre-el-hijo-y-la-abuela\/"]}]},{"@type":"BreadcrumbList","@id":"https:\/\/www.casatortuga.cl\/index.php\/portfolio\/la-madre-el-hijo-y-la-abuela\/#breadcrumb","itemListElement":[{"@type":"ListItem","position":1,"name":"Portada","item":"https:\/\/www.casatortuga.cl\/"},{"@type":"ListItem","position":2,"name":"Portfolio","item":"https:\/\/www.casatortuga.cl\/index.php\/portfolio\/"},{"@type":"ListItem","position":3,"name":"La Madre el Hijo y la Abuela"}]}]}},"_links":{"self":[{"href":"https:\/\/www.casatortuga.cl\/index.php\/wp-json\/wp\/v2\/pages\/3942","targetHints":{"allow":["GET"]}}],"collection":[{"href":"https:\/\/www.casatortuga.cl\/index.php\/wp-json\/wp\/v2\/pages"}],"about":[{"href":"https:\/\/www.casatortuga.cl\/index.php\/wp-json\/wp\/v2\/types\/page"}],"author":[{"embeddable":true,"href":"https:\/\/www.casatortuga.cl\/index.php\/wp-json\/wp\/v2\/users\/1"}],"replies":[{"embeddable":true,"href":"https:\/\/www.casatortuga.cl\/index.php\/wp-json\/wp\/v2\/comments?post=3942"}],"version-history":[{"count":25,"href":"https:\/\/www.casatortuga.cl\/index.php\/wp-json\/wp\/v2\/pages\/3942\/revisions"}],"predecessor-version":[{"id":4133,"href":"https:\/\/www.casatortuga.cl\/index.php\/wp-json\/wp\/v2\/pages\/3942\/revisions\/4133"}],"up":[{"embeddable":true,"href":"https:\/\/www.casatortuga.cl\/index.php\/wp-json\/wp\/v2\/pages\/1629"}],"wp:attachment":[{"href":"https:\/\/www.casatortuga.cl\/index.php\/wp-json\/wp\/v2\/media?parent=3942"}],"curies":[{"name":"wp","href":"https:\/\/api.w.org\/{rel}","templated":true}]}}