{"id":4002,"date":"2022-03-16T21:55:19","date_gmt":"2022-03-16T21:55:19","guid":{"rendered":"https:\/\/www.casatortuga.cl\/?page_id=4002"},"modified":"2022-04-01T00:05:50","modified_gmt":"2022-04-01T00:05:50","slug":"agua-negra","status":"publish","type":"page","link":"https:\/\/www.casatortuga.cl\/index.php\/portfolio\/agua-negra\/","title":{"rendered":"Agua Negra"},"content":{"rendered":"\t\t<div data-elementor-type=\"wp-page\" data-elementor-id=\"4002\" class=\"elementor elementor-4002\" data-elementor-settings=\"[]\">\n\t\t\t\t\t\t\t<div class=\"elementor-section-wrap\">\n\t\t\t\t\t\t\t<section class=\"elementor-section elementor-top-section elementor-element elementor-element-9ca59de elementor-section-full_width elementor-section-height-default elementor-section-height-default qodef-elementor-content-no\" data-id=\"9ca59de\" data-element_type=\"section\">\n\t\t\t\t\t\t<div class=\"elementor-container elementor-column-gap-no\">\n\t\t\t\t\t<div class=\"elementor-column elementor-col-100 elementor-top-column elementor-element elementor-element-e8f8230\" data-id=\"e8f8230\" data-element_type=\"column\">\n\t\t\t<div class=\"elementor-widget-wrap elementor-element-populated\">\n\t\t\t\t\t\t\t\t<div class=\"elementor-element elementor-element-28d361a elementor-widget-divider--view-line elementor-widget elementor-widget-divider\" data-id=\"28d361a\" data-element_type=\"widget\" data-widget_type=\"divider.default\">\n\t\t\t\t<div class=\"elementor-widget-container\">\n\t\t\t\t\t<div class=\"elementor-divider\">\n\t\t\t<span class=\"elementor-divider-separator\">\n\t\t\t\t\t\t<\/span>\n\t\t<\/div>\n\t\t\t\t<\/div>\n\t\t\t\t<\/div>\n\t\t\t\t\t<\/div>\n\t\t<\/div>\n\t\t\t\t\t\t\t<\/div>\n\t\t<\/section>\n\t\t\t\t<section class=\"elementor-section elementor-top-section elementor-element elementor-element-ea21e33 elementor-section-boxed elementor-section-height-default elementor-section-height-default qodef-elementor-content-no\" data-id=\"ea21e33\" data-element_type=\"section\">\n\t\t\t\t\t\t<div class=\"elementor-container elementor-column-gap-default\">\n\t\t\t\t\t<div class=\"elementor-column elementor-col-50 elementor-top-column elementor-element elementor-element-8a0e1c5\" data-id=\"8a0e1c5\" data-element_type=\"column\">\n\t\t\t<div class=\"elementor-widget-wrap\">\n\t\t\t\t\t\t\t\t\t<\/div>\n\t\t<\/div>\n\t\t\t\t<div class=\"elementor-column elementor-col-50 elementor-top-column elementor-element elementor-element-8c78b9d\" data-id=\"8c78b9d\" data-element_type=\"column\">\n\t\t\t<div class=\"elementor-widget-wrap\">\n\t\t\t\t\t\t\t\t\t<\/div>\n\t\t<\/div>\n\t\t\t\t\t\t\t<\/div>\n\t\t<\/section>\n\t\t\t\t<section class=\"elementor-section elementor-top-section elementor-element elementor-element-30913e8 elementor-section-boxed elementor-section-height-default elementor-section-height-default qodef-elementor-content-no\" data-id=\"30913e8\" data-element_type=\"section\">\n\t\t\t\t\t\t<div class=\"elementor-container elementor-column-gap-default\">\n\t\t\t\t\t<div class=\"elementor-column elementor-col-66 elementor-top-column elementor-element elementor-element-880d2a8\" data-id=\"880d2a8\" data-element_type=\"column\">\n\t\t\t<div class=\"elementor-widget-wrap elementor-element-populated\">\n\t\t\t\t\t\t\t\t<div class=\"elementor-element elementor-element-497ca4b elementor-widget elementor-widget-pelicula_core_section_title\" data-id=\"497ca4b\" data-element_type=\"widget\" data-widget_type=\"pelicula_core_section_title.default\">\n\t\t\t\t<div class=\"elementor-widget-container\">\n\t\t\t<div class=\"qodef-shortcode qodef-m  qodef-section-title qodef-alignment--left \" data-holder-options=\"{&quot;line-breaks&quot;:&quot;&quot;}\">\n\t\t<h6 class=\"qodef-m-tagline\" >\n\t\tCortometraje Documental\t<\/h6>\n\t    \t<h2 class=\"qodef-m-title\" >\n\t\t\tAgua Negra\t<\/h2>\n    \t<\/div>\t\t<\/div>\n\t\t\t\t<\/div>\n\t\t\t\t<div class=\"elementor-element elementor-element-2365b42 elementor-widget elementor-widget-text-editor\" data-id=\"2365b42\" data-element_type=\"widget\" data-widget_type=\"text-editor.default\">\n\t\t\t\t<div class=\"elementor-widget-container\">\n\t\t\t\t\t\t\t<p>Pobladores de la Patagonia Chilena discuten con las autoridades sobre la contaminaci\u00f3n de metales pesados que produce una mina cercana provocando serios problemas de salud y sicol\u00f3gicos.<\/p><p><strong>Premios: Selecci\u00f3n Oficial FIC Valdivia Competencia Latinoamericana<\/strong><\/p><p>Ficha t\u00e9cnica:<br \/>Direcci\u00f3n : Benjam\u00edn Brunet<br \/>Producci\u00f3n : Carlos Olavarr\u00eda <br \/>Director de Fotograf\u00eda : Gonzalo Aburto<br \/>Sonidos: Isadora Rivera<br \/>C\u00e1mara: Jonaz Gomez<br \/>Montaje : Benjam\u00edn Brunet, Gonzalo Aburto<br \/>M\u00fasica: Pedro Ch\u00e1vez<\/p>\t\t\t\t\t\t<\/div>\n\t\t\t\t<\/div>\n\t\t\t\t\t<\/div>\n\t\t<\/div>\n\t\t\t\t<div class=\"elementor-column elementor-col-33 elementor-top-column elementor-element elementor-element-3794f91\" data-id=\"3794f91\" data-element_type=\"column\">\n\t\t\t<div class=\"elementor-widget-wrap elementor-element-populated\">\n\t\t\t\t\t\t\t\t<div class=\"elementor-element elementor-element-520204c elementor-widget elementor-widget-image\" data-id=\"520204c\" data-element_type=\"widget\" data-widget_type=\"image.default\">\n\t\t\t\t<div class=\"elementor-widget-container\">\n\t\t\t\t\t\t\t\t\t\t\t\t\t\t\t<img loading=\"lazy\" decoding=\"async\" width=\"700\" height=\"1000\" src=\"https:\/\/www.casatortuga.cl\/wp-content\/uploads\/2022\/03\/Afiche-Agua-Negra-2.0-.jpg\" class=\"attachment-medium_large size-medium_large\" alt=\"\" srcset=\"https:\/\/www.casatortuga.cl\/wp-content\/uploads\/2022\/03\/Afiche-Agua-Negra-2.0-.jpg 700w, https:\/\/www.casatortuga.cl\/wp-content\/uploads\/2022\/03\/Afiche-Agua-Negra-2.0--210x300.jpg 210w, https:\/\/www.casatortuga.cl\/wp-content\/uploads\/2022\/03\/Afiche-Agua-Negra-2.0--600x857.jpg 600w\" sizes=\"auto, (max-width: 700px) 100vw, 700px\" \/>\t\t\t\t\t\t\t\t\t\t\t\t\t\t\t<\/div>\n\t\t\t\t<\/div>\n\t\t\t\t\t<\/div>\n\t\t<\/div>\n\t\t\t\t\t\t\t<\/div>\n\t\t<\/section>\n\t\t\t\t<section class=\"elementor-section elementor-top-section elementor-element elementor-element-c63bfa6 elementor-section-boxed elementor-section-height-default elementor-section-height-default qodef-elementor-content-no\" data-id=\"c63bfa6\" data-element_type=\"section\">\n\t\t\t\t\t\t<div class=\"elementor-container elementor-column-gap-default\">\n\t\t\t\t\t<div class=\"elementor-column elementor-col-100 elementor-top-column elementor-element elementor-element-6007b43\" data-id=\"6007b43\" data-element_type=\"column\">\n\t\t\t<div class=\"elementor-widget-wrap elementor-element-populated\">\n\t\t\t\t\t\t\t\t<div class=\"elementor-element elementor-element-d232a02 elementor-widget elementor-widget-pelicula_core_video_button\" data-id=\"d232a02\" data-element_type=\"widget\" data-widget_type=\"pelicula_core_video_button.default\">\n\t\t\t\t<div class=\"elementor-widget-container\">\n\t\t\t<div class=\"qodef-shortcode qodef-m  qodef-video-button qodef--has-img\">\n\t    <div class=\"qodef-m-image\">\n\t\t<img loading=\"lazy\" decoding=\"async\" width=\"1920\" height=\"807\" src=\"https:\/\/www.casatortuga.cl\/wp-content\/uploads\/2020\/04\/Agua-Negra.jpg\" class=\"attachment-full size-full\" alt=\"\" srcset=\"https:\/\/www.casatortuga.cl\/wp-content\/uploads\/2020\/04\/Agua-Negra.jpg 1920w, https:\/\/www.casatortuga.cl\/wp-content\/uploads\/2020\/04\/Agua-Negra-300x126.jpg 300w, https:\/\/www.casatortuga.cl\/wp-content\/uploads\/2020\/04\/Agua-Negra-1024x430.jpg 1024w, https:\/\/www.casatortuga.cl\/wp-content\/uploads\/2020\/04\/Agua-Negra-768x323.jpg 768w, https:\/\/www.casatortuga.cl\/wp-content\/uploads\/2020\/04\/Agua-Negra-1536x646.jpg 1536w, https:\/\/www.casatortuga.cl\/wp-content\/uploads\/2020\/04\/Agua-Negra-600x252.jpg 600w\" sizes=\"auto, (max-width: 1920px) 100vw, 1920px\" \/>    <\/div>\n\t\t<a itemprop=\"url\" class=\"qodef-m-play qodef-magnific-popup qodef-popup-item\"  href=\"https:\/\/vimeo.com\/167913834\" data-type=\"iframe\">\n\t\t<span class=\"qodef-m-play-inner\">\n\t\t\t<span class=\"qodef-icon-ionicons ion-md-play\" ><\/span>\t\t<\/span>\n\t<\/a>\n<\/div>\t\t<\/div>\n\t\t\t\t<\/div>\n\t\t\t\t<div class=\"elementor-element elementor-element-4d44878 elementor-widget elementor-widget-qi_addons_for_elementor_image_gallery_masonry\" data-id=\"4d44878\" data-element_type=\"widget\" data-widget_type=\"qi_addons_for_elementor_image_gallery_masonry.default\">\n\t\t\t\t<div class=\"elementor-widget-container\">\n\t\t\t<div class=\"qodef-shortcode qodef-m  qodef-qi-image-gallery-masonry qodef-qi-fslightbox-popup qodef-popup-gallery qodef-image--hover-zoom  qodef-qi-grid qodef-layout--qi-masonry qodef-items--fixed qodef-col-num--3   qodef-responsive--predefined\">\n\t<div class=\"qodef-grid-inner\">\n\t\t\t<div class=\"qodef-qi-grid-masonry-sizer\"><\/div>\n<div class=\"qodef-e qodef-image-wrapper qodef-grid-item qodef-item--\">\n\t<div class=\"qodef-e-inner\">\n\t\t\t\t\t<a class=\"qodef-popup-item\" itemprop=\"image\" href=\"https:\/\/www.casatortuga.cl\/wp-content\/uploads\/2022\/03\/photo-1-1518544574156-baja.png\" data-type=\"image\" data-fslightbox=\"gallery-1\">\n\t\t\t\t\t<img loading=\"lazy\" decoding=\"async\" width=\"1000\" height=\"563\" src=\"https:\/\/www.casatortuga.cl\/wp-content\/uploads\/2022\/03\/photo-1-1518544574156-baja.png\" class=\"attachment- size-\" alt=\"\" srcset=\"https:\/\/www.casatortuga.cl\/wp-content\/uploads\/2022\/03\/photo-1-1518544574156-baja.png 1000w, https:\/\/www.casatortuga.cl\/wp-content\/uploads\/2022\/03\/photo-1-1518544574156-baja-300x169.png 300w, https:\/\/www.casatortuga.cl\/wp-content\/uploads\/2022\/03\/photo-1-1518544574156-baja-768x432.png 768w, https:\/\/www.casatortuga.cl\/wp-content\/uploads\/2022\/03\/photo-1-1518544574156-baja-600x338.png 600w\" sizes=\"auto, (max-width: 1000px) 100vw, 1000px\" \/>\t\t\t\t\t<\/a>\n\t\t\t<\/div>\n<\/div>\n<div class=\"qodef-e qodef-image-wrapper qodef-grid-item qodef-item--square\">\n\t<div class=\"qodef-e-inner\">\n\t\t\t\t\t<a class=\"qodef-popup-item\" itemprop=\"image\" href=\"https:\/\/www.casatortuga.cl\/wp-content\/uploads\/2022\/03\/poster-1518544555553.jpg\" data-type=\"image\" data-fslightbox=\"gallery-1\">\n\t\t\t\t\t<img loading=\"lazy\" decoding=\"async\" width=\"650\" height=\"562\" src=\"https:\/\/www.casatortuga.cl\/wp-content\/uploads\/2022\/03\/poster-1518544555553-650x562.jpg\" class=\"attachment-qi_addons_for_elementor_image_size_square size-qi_addons_for_elementor_image_size_square\" alt=\"\" \/>\t\t\t\t\t<\/a>\n\t\t\t<\/div>\n<\/div>\n<div class=\"qodef-e qodef-image-wrapper qodef-grid-item qodef-item--square\">\n\t<div class=\"qodef-e-inner\">\n\t\t\t\t\t<a class=\"qodef-popup-item\" itemprop=\"image\" href=\"https:\/\/www.casatortuga.cl\/wp-content\/uploads\/2022\/03\/photo-2-1518544585184.jpg\" data-type=\"image\" data-fslightbox=\"gallery-1\">\n\t\t\t\t\t<img loading=\"lazy\" decoding=\"async\" width=\"650\" height=\"563\" src=\"https:\/\/www.casatortuga.cl\/wp-content\/uploads\/2022\/03\/photo-2-1518544585184-650x563.jpg\" class=\"attachment-qi_addons_for_elementor_image_size_square size-qi_addons_for_elementor_image_size_square\" alt=\"\" \/>\t\t\t\t\t<\/a>\n\t\t\t<\/div>\n<\/div>\n\t<\/div>\n<\/div>\n\t\t<\/div>\n\t\t\t\t<\/div>\n\t\t\t\t\t<\/div>\n\t\t<\/div>\n\t\t\t\t\t\t\t<\/div>\n\t\t<\/section>\n\t\t\t\t<section class=\"elementor-section elementor-top-section elementor-element elementor-element-6aee276 elementor-section-boxed elementor-section-height-default elementor-section-height-default qodef-elementor-content-no\" data-id=\"6aee276\" data-element_type=\"section\">\n\t\t\t\t\t\t<div class=\"elementor-container elementor-column-gap-default\">\n\t\t\t\t\t<div class=\"elementor-column elementor-col-100 elementor-top-column elementor-element elementor-element-acdbf8f\" data-id=\"acdbf8f\" data-element_type=\"column\">\n\t\t\t<div class=\"elementor-widget-wrap elementor-element-populated\">\n\t\t\t\t\t\t\t\t<div class=\"elementor-element elementor-element-7153ef6 elementor-widget elementor-widget-pelicula_core_separator\" data-id=\"7153ef6\" data-element_type=\"widget\" data-widget_type=\"pelicula_core_separator.default\">\n\t\t\t\t<div class=\"elementor-widget-container\">\n\t\t\t<div class=\"qodef-shortcode qodef-m  qodef-separator clear \">\n\t<div class=\"qodef-m-line\" ><\/div>\n<\/div>\t\t<\/div>\n\t\t\t\t<\/div>\n\t\t\t\t\t<\/div>\n\t\t<\/div>\n\t\t\t\t\t\t\t<\/div>\n\t\t<\/section>\n\t\t\t\t<section class=\"elementor-section elementor-top-section elementor-element elementor-element-9a8f29f elementor-section-boxed elementor-section-height-default elementor-section-height-default qodef-elementor-content-no\" data-id=\"9a8f29f\" data-element_type=\"section\">\n\t\t\t\t\t\t<div class=\"elementor-container elementor-column-gap-default\">\n\t\t\t\t\t<div class=\"elementor-column elementor-col-20 elementor-top-column elementor-element elementor-element-32bb49b\" data-id=\"32bb49b\" data-element_type=\"column\">\n\t\t\t<div class=\"elementor-widget-wrap elementor-element-populated\">\n\t\t\t\t\t\t\t\t<div class=\"elementor-element elementor-element-5e707eb elementor-widget elementor-widget-pelicula_core_button\" data-id=\"5e707eb\" data-element_type=\"widget\" data-widget_type=\"pelicula_core_button.default\">\n\t\t\t\t<div class=\"elementor-widget-container\">\n\t\t\t<a class=\"qodef-shortcode qodef-m  qodef-button qodef-layout--filled  qodef-html--link\" href=\"https:\/\/www.casatortuga.cl\/index.php\/portfolio\/la-lluvia-no-elige-donde-caer\/\" target=\"_self\" data-hover-color=\"#9F9F9F\" >\n\t<span class=\"qodef-m-text\">anterior<\/span>\n<\/a>\t\t<\/div>\n\t\t\t\t<\/div>\n\t\t\t\t\t<\/div>\n\t\t<\/div>\n\t\t\t\t<div class=\"elementor-column elementor-col-20 elementor-top-column elementor-element elementor-element-8308d85\" data-id=\"8308d85\" data-element_type=\"column\">\n\t\t\t<div class=\"elementor-widget-wrap\">\n\t\t\t\t\t\t\t\t\t<\/div>\n\t\t<\/div>\n\t\t\t\t<div class=\"elementor-column elementor-col-20 elementor-top-column elementor-element elementor-element-7a61039\" data-id=\"7a61039\" data-element_type=\"column\">\n\t\t\t<div class=\"elementor-widget-wrap\">\n\t\t\t\t\t\t\t\t\t<\/div>\n\t\t<\/div>\n\t\t\t\t<div class=\"elementor-column elementor-col-20 elementor-top-column elementor-element elementor-element-447bbb7\" data-id=\"447bbb7\" data-element_type=\"column\">\n\t\t\t<div class=\"elementor-widget-wrap\">\n\t\t\t\t\t\t\t\t\t<\/div>\n\t\t<\/div>\n\t\t\t\t<div class=\"elementor-column elementor-col-20 elementor-top-column elementor-element elementor-element-050aba7\" data-id=\"050aba7\" data-element_type=\"column\">\n\t\t\t<div class=\"elementor-widget-wrap elementor-element-populated\">\n\t\t\t\t\t\t\t\t<div class=\"elementor-element elementor-element-4d195a1 elementor-widget elementor-widget-pelicula_core_button\" data-id=\"4d195a1\" data-element_type=\"widget\" data-widget_type=\"pelicula_core_button.default\">\n\t\t\t\t<div class=\"elementor-widget-container\">\n\t\t\t<a class=\"qodef-shortcode qodef-m  qodef-button qodef-layout--filled  qodef-html--link\" href=\"https:\/\/www.casatortuga.cl\/index.php\/portfolio\/cuaticas\/\" target=\"_self\" data-hover-color=\"#9F9F9F\" >\n\t<span class=\"qodef-m-text\">siguiente<\/span>\n<\/a>\t\t<\/div>\n\t\t\t\t<\/div>\n\t\t\t\t\t<\/div>\n\t\t<\/div>\n\t\t\t\t\t\t\t<\/div>\n\t\t<\/section>\n\t\t\t\t<section class=\"elementor-section elementor-top-section elementor-element elementor-element-c0c04ff elementor-section-boxed elementor-section-height-default elementor-section-height-default qodef-elementor-content-no\" data-id=\"c0c04ff\" data-element_type=\"section\">\n\t\t\t\t\t\t<div class=\"elementor-container elementor-column-gap-default\">\n\t\t\t\t\t<div class=\"elementor-column elementor-col-100 elementor-top-column elementor-element elementor-element-f5c75af\" data-id=\"f5c75af\" data-element_type=\"column\">\n\t\t\t<div class=\"elementor-widget-wrap\">\n\t\t\t\t\t\t\t\t\t<\/div>\n\t\t<\/div>\n\t\t\t\t\t\t\t<\/div>\n\t\t<\/section>\n\t\t\t\t\t\t<\/div>\n\t\t\t\t\t<\/div>\n\t\t","protected":false},"excerpt":{"rendered":"<p>Cortometraje Documental Agua Negra Pobladores de la Patagonia Chilena discuten con las autoridades sobre la contaminaci\u00f3n de metales pesados que produce una mina cercana provocando serios problemas de salud y sicol\u00f3gicos. Premios: Selecci\u00f3n Oficial FIC Valdivia Competencia Latinoamericana Ficha t\u00e9cnica:Direcci\u00f3n : Benjam\u00edn BrunetProducci\u00f3n : Carlos Olavarr\u00eda Director de Fotograf\u00eda : Gonzalo AburtoSonidos: Isadora RiveraC\u00e1mara: Jonaz [&hellip;]<\/p>\n","protected":false},"author":1,"featured_media":0,"parent":1629,"menu_order":0,"comment_status":"closed","ping_status":"closed","template":"page-full-width.php","meta":{"footnotes":""},"class_list":["post-4002","page","type-page","status-publish","hentry"],"yoast_head":"<!-- This site is optimized with the Yoast SEO plugin v18.4.1 - https:\/\/yoast.com\/wordpress\/plugins\/seo\/ -->\n<title>Agua Negra - Casa Tortuga<\/title>\n<meta name=\"robots\" content=\"index, follow, max-snippet:-1, max-image-preview:large, max-video-preview:-1\" \/>\n<link rel=\"canonical\" href=\"https:\/\/www.casatortuga.cl\/index.php\/portfolio\/agua-negra\/\" \/>\n<meta property=\"og:locale\" content=\"es_ES\" \/>\n<meta property=\"og:type\" content=\"article\" \/>\n<meta property=\"og:title\" content=\"Agua Negra - Casa Tortuga\" \/>\n<meta property=\"og:description\" content=\"Cortometraje Documental Agua Negra Pobladores de la Patagonia Chilena discuten con las autoridades sobre la contaminaci\u00f3n de metales pesados que produce una mina cercana provocando serios problemas de salud y sicol\u00f3gicos. Premios: Selecci\u00f3n Oficial FIC Valdivia Competencia Latinoamericana Ficha t\u00e9cnica:Direcci\u00f3n : Benjam\u00edn BrunetProducci\u00f3n : Carlos Olavarr\u00eda Director de Fotograf\u00eda : Gonzalo AburtoSonidos: Isadora RiveraC\u00e1mara: Jonaz [&hellip;]\" \/>\n<meta property=\"og:url\" content=\"https:\/\/www.casatortuga.cl\/index.php\/portfolio\/agua-negra\/\" \/>\n<meta property=\"og:site_name\" content=\"Casa Tortuga\" \/>\n<meta property=\"article:modified_time\" content=\"2022-04-01T00:05:50+00:00\" \/>\n<meta property=\"og:image\" content=\"https:\/\/www.casatortuga.cl\/wp-content\/uploads\/2022\/03\/Afiche-Agua-Negra-2.0-.jpg\" \/>\n<meta name=\"twitter:card\" content=\"summary_large_image\" \/>\n<script type=\"application\/ld+json\" class=\"yoast-schema-graph\">{\"@context\":\"https:\/\/schema.org\",\"@graph\":[{\"@type\":\"WebSite\",\"@id\":\"https:\/\/www.casatortuga.cl\/#website\",\"url\":\"https:\/\/www.casatortuga.cl\/\",\"name\":\"Casa Tortuga\",\"description\":\"Productora Audiovisual \/ Puerto Varas\",\"potentialAction\":[{\"@type\":\"SearchAction\",\"target\":{\"@type\":\"EntryPoint\",\"urlTemplate\":\"https:\/\/www.casatortuga.cl\/?s={search_term_string}\"},\"query-input\":\"required name=search_term_string\"}],\"inLanguage\":\"es\"},{\"@type\":\"ImageObject\",\"@id\":\"https:\/\/www.casatortuga.cl\/index.php\/portfolio\/agua-negra\/#primaryimage\",\"inLanguage\":\"es\",\"url\":\"https:\/\/www.casatortuga.cl\/wp-content\/uploads\/2022\/03\/Afiche-Agua-Negra-2.0-.jpg\",\"contentUrl\":\"https:\/\/www.casatortuga.cl\/wp-content\/uploads\/2022\/03\/Afiche-Agua-Negra-2.0-.jpg\",\"width\":700,\"height\":1000},{\"@type\":\"WebPage\",\"@id\":\"https:\/\/www.casatortuga.cl\/index.php\/portfolio\/agua-negra\/#webpage\",\"url\":\"https:\/\/www.casatortuga.cl\/index.php\/portfolio\/agua-negra\/\",\"name\":\"Agua Negra - Casa Tortuga\",\"isPartOf\":{\"@id\":\"https:\/\/www.casatortuga.cl\/#website\"},\"primaryImageOfPage\":{\"@id\":\"https:\/\/www.casatortuga.cl\/index.php\/portfolio\/agua-negra\/#primaryimage\"},\"datePublished\":\"2022-03-16T21:55:19+00:00\",\"dateModified\":\"2022-04-01T00:05:50+00:00\",\"breadcrumb\":{\"@id\":\"https:\/\/www.casatortuga.cl\/index.php\/portfolio\/agua-negra\/#breadcrumb\"},\"inLanguage\":\"es\",\"potentialAction\":[{\"@type\":\"ReadAction\",\"target\":[\"https:\/\/www.casatortuga.cl\/index.php\/portfolio\/agua-negra\/\"]}]},{\"@type\":\"BreadcrumbList\",\"@id\":\"https:\/\/www.casatortuga.cl\/index.php\/portfolio\/agua-negra\/#breadcrumb\",\"itemListElement\":[{\"@type\":\"ListItem\",\"position\":1,\"name\":\"Portada\",\"item\":\"https:\/\/www.casatortuga.cl\/\"},{\"@type\":\"ListItem\",\"position\":2,\"name\":\"Portfolio\",\"item\":\"https:\/\/www.casatortuga.cl\/index.php\/portfolio\/\"},{\"@type\":\"ListItem\",\"position\":3,\"name\":\"Agua Negra\"}]}]}<\/script>\n<!-- \/ Yoast SEO plugin. -->","yoast_head_json":{"title":"Agua Negra - Casa Tortuga","robots":{"index":"index","follow":"follow","max-snippet":"max-snippet:-1","max-image-preview":"max-image-preview:large","max-video-preview":"max-video-preview:-1"},"canonical":"https:\/\/www.casatortuga.cl\/index.php\/portfolio\/agua-negra\/","og_locale":"es_ES","og_type":"article","og_title":"Agua Negra - Casa Tortuga","og_description":"Cortometraje Documental Agua Negra Pobladores de la Patagonia Chilena discuten con las autoridades sobre la contaminaci\u00f3n de metales pesados que produce una mina cercana provocando serios problemas de salud y sicol\u00f3gicos. Premios: Selecci\u00f3n Oficial FIC Valdivia Competencia Latinoamericana Ficha t\u00e9cnica:Direcci\u00f3n : Benjam\u00edn BrunetProducci\u00f3n : Carlos Olavarr\u00eda Director de Fotograf\u00eda : Gonzalo AburtoSonidos: Isadora RiveraC\u00e1mara: Jonaz [&hellip;]","og_url":"https:\/\/www.casatortuga.cl\/index.php\/portfolio\/agua-negra\/","og_site_name":"Casa Tortuga","article_modified_time":"2022-04-01T00:05:50+00:00","og_image":[{"url":"https:\/\/www.casatortuga.cl\/wp-content\/uploads\/2022\/03\/Afiche-Agua-Negra-2.0-.jpg"}],"twitter_card":"summary_large_image","schema":{"@context":"https:\/\/schema.org","@graph":[{"@type":"WebSite","@id":"https:\/\/www.casatortuga.cl\/#website","url":"https:\/\/www.casatortuga.cl\/","name":"Casa Tortuga","description":"Productora Audiovisual \/ Puerto Varas","potentialAction":[{"@type":"SearchAction","target":{"@type":"EntryPoint","urlTemplate":"https:\/\/www.casatortuga.cl\/?s={search_term_string}"},"query-input":"required name=search_term_string"}],"inLanguage":"es"},{"@type":"ImageObject","@id":"https:\/\/www.casatortuga.cl\/index.php\/portfolio\/agua-negra\/#primaryimage","inLanguage":"es","url":"https:\/\/www.casatortuga.cl\/wp-content\/uploads\/2022\/03\/Afiche-Agua-Negra-2.0-.jpg","contentUrl":"https:\/\/www.casatortuga.cl\/wp-content\/uploads\/2022\/03\/Afiche-Agua-Negra-2.0-.jpg","width":700,"height":1000},{"@type":"WebPage","@id":"https:\/\/www.casatortuga.cl\/index.php\/portfolio\/agua-negra\/#webpage","url":"https:\/\/www.casatortuga.cl\/index.php\/portfolio\/agua-negra\/","name":"Agua Negra - Casa Tortuga","isPartOf":{"@id":"https:\/\/www.casatortuga.cl\/#website"},"primaryImageOfPage":{"@id":"https:\/\/www.casatortuga.cl\/index.php\/portfolio\/agua-negra\/#primaryimage"},"datePublished":"2022-03-16T21:55:19+00:00","dateModified":"2022-04-01T00:05:50+00:00","breadcrumb":{"@id":"https:\/\/www.casatortuga.cl\/index.php\/portfolio\/agua-negra\/#breadcrumb"},"inLanguage":"es","potentialAction":[{"@type":"ReadAction","target":["https:\/\/www.casatortuga.cl\/index.php\/portfolio\/agua-negra\/"]}]},{"@type":"BreadcrumbList","@id":"https:\/\/www.casatortuga.cl\/index.php\/portfolio\/agua-negra\/#breadcrumb","itemListElement":[{"@type":"ListItem","position":1,"name":"Portada","item":"https:\/\/www.casatortuga.cl\/"},{"@type":"ListItem","position":2,"name":"Portfolio","item":"https:\/\/www.casatortuga.cl\/index.php\/portfolio\/"},{"@type":"ListItem","position":3,"name":"Agua Negra"}]}]}},"_links":{"self":[{"href":"https:\/\/www.casatortuga.cl\/index.php\/wp-json\/wp\/v2\/pages\/4002","targetHints":{"allow":["GET"]}}],"collection":[{"href":"https:\/\/www.casatortuga.cl\/index.php\/wp-json\/wp\/v2\/pages"}],"about":[{"href":"https:\/\/www.casatortuga.cl\/index.php\/wp-json\/wp\/v2\/types\/page"}],"author":[{"embeddable":true,"href":"https:\/\/www.casatortuga.cl\/index.php\/wp-json\/wp\/v2\/users\/1"}],"replies":[{"embeddable":true,"href":"https:\/\/www.casatortuga.cl\/index.php\/wp-json\/wp\/v2\/comments?post=4002"}],"version-history":[{"count":16,"href":"https:\/\/www.casatortuga.cl\/index.php\/wp-json\/wp\/v2\/pages\/4002\/revisions"}],"predecessor-version":[{"id":4142,"href":"https:\/\/www.casatortuga.cl\/index.php\/wp-json\/wp\/v2\/pages\/4002\/revisions\/4142"}],"up":[{"embeddable":true,"href":"https:\/\/www.casatortuga.cl\/index.php\/wp-json\/wp\/v2\/pages\/1629"}],"wp:attachment":[{"href":"https:\/\/www.casatortuga.cl\/index.php\/wp-json\/wp\/v2\/media?parent=4002"}],"curies":[{"name":"wp","href":"https:\/\/api.w.org\/{rel}","templated":true}]}}