{"id":4016,"date":"2022-03-16T22:13:42","date_gmt":"2022-03-16T22:13:42","guid":{"rendered":"https:\/\/www.casatortuga.cl\/?page_id=4016"},"modified":"2022-04-01T00:13:02","modified_gmt":"2022-04-01T00:13:02","slug":"cuaticas","status":"publish","type":"page","link":"https:\/\/www.casatortuga.cl\/index.php\/portfolio\/cuaticas\/","title":{"rendered":"Cu\u00e1ticas"},"content":{"rendered":"\t\t<div data-elementor-type=\"wp-page\" data-elementor-id=\"4016\" class=\"elementor elementor-4016\" data-elementor-settings=\"[]\">\n\t\t\t\t\t\t\t<div class=\"elementor-section-wrap\">\n\t\t\t\t\t\t\t<section class=\"elementor-section elementor-top-section elementor-element elementor-element-9ca59de elementor-section-full_width elementor-section-height-default elementor-section-height-default qodef-elementor-content-no\" data-id=\"9ca59de\" data-element_type=\"section\">\n\t\t\t\t\t\t<div class=\"elementor-container elementor-column-gap-no\">\n\t\t\t\t\t<div class=\"elementor-column elementor-col-100 elementor-top-column elementor-element elementor-element-e8f8230\" data-id=\"e8f8230\" data-element_type=\"column\">\n\t\t\t<div class=\"elementor-widget-wrap elementor-element-populated\">\n\t\t\t\t\t\t\t\t<div class=\"elementor-element elementor-element-28d361a elementor-widget-divider--view-line elementor-widget elementor-widget-divider\" data-id=\"28d361a\" data-element_type=\"widget\" data-widget_type=\"divider.default\">\n\t\t\t\t<div class=\"elementor-widget-container\">\n\t\t\t\t\t<div class=\"elementor-divider\">\n\t\t\t<span class=\"elementor-divider-separator\">\n\t\t\t\t\t\t<\/span>\n\t\t<\/div>\n\t\t\t\t<\/div>\n\t\t\t\t<\/div>\n\t\t\t\t\t<\/div>\n\t\t<\/div>\n\t\t\t\t\t\t\t<\/div>\n\t\t<\/section>\n\t\t\t\t<section class=\"elementor-section elementor-top-section elementor-element elementor-element-ea21e33 elementor-section-boxed elementor-section-height-default elementor-section-height-default qodef-elementor-content-no\" data-id=\"ea21e33\" data-element_type=\"section\">\n\t\t\t\t\t\t<div class=\"elementor-container elementor-column-gap-default\">\n\t\t\t\t\t<div class=\"elementor-column elementor-col-50 elementor-top-column elementor-element elementor-element-8a0e1c5\" data-id=\"8a0e1c5\" data-element_type=\"column\">\n\t\t\t<div class=\"elementor-widget-wrap\">\n\t\t\t\t\t\t\t\t\t<\/div>\n\t\t<\/div>\n\t\t\t\t<div class=\"elementor-column elementor-col-50 elementor-top-column elementor-element elementor-element-8c78b9d\" data-id=\"8c78b9d\" data-element_type=\"column\">\n\t\t\t<div class=\"elementor-widget-wrap\">\n\t\t\t\t\t\t\t\t\t<\/div>\n\t\t<\/div>\n\t\t\t\t\t\t\t<\/div>\n\t\t<\/section>\n\t\t\t\t<section class=\"elementor-section elementor-top-section elementor-element elementor-element-30913e8 elementor-section-boxed elementor-section-height-default elementor-section-height-default qodef-elementor-content-no\" data-id=\"30913e8\" data-element_type=\"section\">\n\t\t\t\t\t\t<div class=\"elementor-container elementor-column-gap-default\">\n\t\t\t\t\t<div class=\"elementor-column elementor-col-66 elementor-top-column elementor-element elementor-element-880d2a8\" data-id=\"880d2a8\" data-element_type=\"column\">\n\t\t\t<div class=\"elementor-widget-wrap elementor-element-populated\">\n\t\t\t\t\t\t\t\t<div class=\"elementor-element elementor-element-497ca4b elementor-widget elementor-widget-pelicula_core_section_title\" data-id=\"497ca4b\" data-element_type=\"widget\" data-widget_type=\"pelicula_core_section_title.default\">\n\t\t\t\t<div class=\"elementor-widget-container\">\n\t\t\t<div class=\"qodef-shortcode qodef-m  qodef-section-title qodef-alignment--left \" data-holder-options=\"{&quot;line-breaks&quot;:&quot;&quot;}\">\n\t\t<h6 class=\"qodef-m-tagline\" >\n\t\tSerie Web \u2013 Documental\t<\/h6>\n\t    \t<h2 class=\"qodef-m-title\" >\n\t\t\tCu\u00e1ticas \t<\/h2>\n    \t<\/div>\t\t<\/div>\n\t\t\t\t<\/div>\n\t\t\t\t<div class=\"elementor-element elementor-element-6c793af elementor-widget elementor-widget-text-editor\" data-id=\"6c793af\" data-element_type=\"widget\" data-widget_type=\"text-editor.default\">\n\t\t\t\t<div class=\"elementor-widget-container\">\n\t\t\t\t\t\t\t<p>Cat (17) est\u00e1 a punto de terminar el liceo, y no sabe qu\u00e9 quiere hacer despu\u00e9s. Cansada de los estereotipos de g\u00e9nero y los estigmas que escucha del mundo laboral y profesional, decide salir en busca de mujeres que se desempe\u00f1en en trabajos considerados como poco comunes para el g\u00e9nero femenino. Esto con el fin de compartirlo con su audiencia y lograr visibilizar a estas mujeres inspiradoras. Es as\u00ed como conoce a las cuatro cu\u00e1ticas protagonistas de la primera temporada de esta serie documental.<\/p><p><br \/>Ficha t\u00e9cnica:<br \/>Gui\u00f3n y Direcci\u00f3n : Nina Salvador<br \/>Producci\u00f3n : Benjam\u00edn Brunet<br \/>Estado: En desarrollo<\/p>\t\t\t\t\t\t<\/div>\n\t\t\t\t<\/div>\n\t\t\t\t\t<\/div>\n\t\t<\/div>\n\t\t\t\t<div class=\"elementor-column elementor-col-33 elementor-top-column elementor-element elementor-element-3794f91\" data-id=\"3794f91\" data-element_type=\"column\">\n\t\t\t<div class=\"elementor-widget-wrap elementor-element-populated\">\n\t\t\t\t\t\t\t\t<div class=\"elementor-element elementor-element-520204c elementor-widget elementor-widget-image\" data-id=\"520204c\" data-element_type=\"widget\" data-widget_type=\"image.default\">\n\t\t\t\t<div class=\"elementor-widget-container\">\n\t\t\t\t\t\t\t\t\t\t\t\t\t\t\t<img loading=\"lazy\" decoding=\"async\" width=\"650\" height=\"556\" src=\"https:\/\/www.casatortuga.cl\/wp-content\/uploads\/2022\/03\/4-650x556.jpg\" class=\"attachment-qi_addons_for_elementor_image_size_square size-qi_addons_for_elementor_image_size_square\" alt=\"\" \/>\t\t\t\t\t\t\t\t\t\t\t\t\t\t\t<\/div>\n\t\t\t\t<\/div>\n\t\t\t\t\t<\/div>\n\t\t<\/div>\n\t\t\t\t\t\t\t<\/div>\n\t\t<\/section>\n\t\t\t\t<section class=\"elementor-section elementor-top-section elementor-element elementor-element-c63bfa6 elementor-section-boxed elementor-section-height-default elementor-section-height-default qodef-elementor-content-no\" data-id=\"c63bfa6\" data-element_type=\"section\">\n\t\t\t\t\t\t<div class=\"elementor-container elementor-column-gap-default\">\n\t\t\t\t\t<div class=\"elementor-column elementor-col-100 elementor-top-column elementor-element elementor-element-6007b43\" data-id=\"6007b43\" data-element_type=\"column\">\n\t\t\t<div class=\"elementor-widget-wrap elementor-element-populated\">\n\t\t\t\t\t\t\t\t<div class=\"elementor-element elementor-element-d232a02 elementor-widget elementor-widget-pelicula_core_video_button\" data-id=\"d232a02\" data-element_type=\"widget\" data-widget_type=\"pelicula_core_video_button.default\">\n\t\t\t\t<div class=\"elementor-widget-container\">\n\t\t\t<div class=\"qodef-shortcode qodef-m  qodef-video-button qodef--has-img\">\n\t    <div class=\"qodef-m-image\">\n\t\t<img loading=\"lazy\" decoding=\"async\" width=\"1000\" height=\"562\" src=\"https:\/\/www.casatortuga.cl\/wp-content\/uploads\/2022\/03\/2.jpg\" class=\"attachment-full size-full\" alt=\"\" srcset=\"https:\/\/www.casatortuga.cl\/wp-content\/uploads\/2022\/03\/2.jpg 1000w, https:\/\/www.casatortuga.cl\/wp-content\/uploads\/2022\/03\/2-300x169.jpg 300w, https:\/\/www.casatortuga.cl\/wp-content\/uploads\/2022\/03\/2-768x432.jpg 768w, https:\/\/www.casatortuga.cl\/wp-content\/uploads\/2022\/03\/2-600x337.jpg 600w\" sizes=\"auto, (max-width: 1000px) 100vw, 1000px\" \/>    <\/div>\n\t\t<a itemprop=\"url\" class=\"qodef-m-play qodef-magnific-popup qodef-popup-item\"  href=\"https:\/\/vimeo.com\/601942231\" data-type=\"iframe\">\n\t\t<span class=\"qodef-m-play-inner\">\n\t\t\t<span class=\"qodef-icon-ionicons ion-md-play\" ><\/span>\t\t<\/span>\n\t<\/a>\n<\/div>\t\t<\/div>\n\t\t\t\t<\/div>\n\t\t\t\t<div class=\"elementor-element elementor-element-4d44878 elementor-widget elementor-widget-qi_addons_for_elementor_image_gallery_masonry\" data-id=\"4d44878\" data-element_type=\"widget\" data-widget_type=\"qi_addons_for_elementor_image_gallery_masonry.default\">\n\t\t\t\t<div class=\"elementor-widget-container\">\n\t\t\t<div class=\"qodef-shortcode qodef-m  qodef-qi-image-gallery-masonry qodef-qi-fslightbox-popup qodef-popup-gallery qodef-image--hover-zoom  qodef-qi-grid qodef-layout--qi-masonry qodef-items--fixed qodef-col-num--3   qodef-responsive--predefined\">\n\t<div class=\"qodef-grid-inner\">\n\t\t\t<div class=\"qodef-qi-grid-masonry-sizer\"><\/div>\n<div class=\"qodef-e qodef-image-wrapper qodef-grid-item qodef-item--\">\n\t<div class=\"qodef-e-inner\">\n\t\t\t\t\t<a class=\"qodef-popup-item\" itemprop=\"image\" href=\"https:\/\/www.casatortuga.cl\/wp-content\/uploads\/2022\/03\/cuaticas-web.png\" data-type=\"image\" data-fslightbox=\"gallery-1\">\n\t\t\t\t\t<img loading=\"lazy\" decoding=\"async\" width=\"1000\" height=\"557\" src=\"https:\/\/www.casatortuga.cl\/wp-content\/uploads\/2022\/03\/cuaticas-web.png\" class=\"attachment- size-\" alt=\"\" srcset=\"https:\/\/www.casatortuga.cl\/wp-content\/uploads\/2022\/03\/cuaticas-web.png 1000w, https:\/\/www.casatortuga.cl\/wp-content\/uploads\/2022\/03\/cuaticas-web-300x167.png 300w, https:\/\/www.casatortuga.cl\/wp-content\/uploads\/2022\/03\/cuaticas-web-768x428.png 768w, https:\/\/www.casatortuga.cl\/wp-content\/uploads\/2022\/03\/cuaticas-web-600x334.png 600w\" sizes=\"auto, (max-width: 1000px) 100vw, 1000px\" \/>\t\t\t\t\t<\/a>\n\t\t\t<\/div>\n<\/div>\n<div class=\"qodef-e qodef-image-wrapper qodef-grid-item qodef-item--square\">\n\t<div class=\"qodef-e-inner\">\n\t\t\t\t\t<a class=\"qodef-popup-item\" itemprop=\"image\" href=\"https:\/\/www.casatortuga.cl\/wp-content\/uploads\/2022\/03\/3.jpg\" data-type=\"image\" data-fslightbox=\"gallery-1\">\n\t\t\t\t\t<img loading=\"lazy\" decoding=\"async\" width=\"650\" height=\"564\" src=\"https:\/\/www.casatortuga.cl\/wp-content\/uploads\/2022\/03\/3-650x564.jpg\" class=\"attachment-qi_addons_for_elementor_image_size_square size-qi_addons_for_elementor_image_size_square\" alt=\"\" \/>\t\t\t\t\t<\/a>\n\t\t\t<\/div>\n<\/div>\n<div class=\"qodef-e qodef-image-wrapper qodef-grid-item qodef-item--square\">\n\t<div class=\"qodef-e-inner\">\n\t\t\t\t\t<a class=\"qodef-popup-item\" itemprop=\"image\" href=\"https:\/\/www.casatortuga.cl\/wp-content\/uploads\/2022\/03\/1.jpg\" data-type=\"image\" data-fslightbox=\"gallery-1\">\n\t\t\t\t\t<img loading=\"lazy\" decoding=\"async\" width=\"650\" height=\"566\" src=\"https:\/\/www.casatortuga.cl\/wp-content\/uploads\/2022\/03\/1-650x566.jpg\" class=\"attachment-qi_addons_for_elementor_image_size_square size-qi_addons_for_elementor_image_size_square\" alt=\"\" \/>\t\t\t\t\t<\/a>\n\t\t\t<\/div>\n<\/div>\n\t<\/div>\n<\/div>\n\t\t<\/div>\n\t\t\t\t<\/div>\n\t\t\t\t\t<\/div>\n\t\t<\/div>\n\t\t\t\t\t\t\t<\/div>\n\t\t<\/section>\n\t\t\t\t<section class=\"elementor-section elementor-top-section elementor-element elementor-element-6aee276 elementor-section-boxed elementor-section-height-default elementor-section-height-default qodef-elementor-content-no\" data-id=\"6aee276\" data-element_type=\"section\">\n\t\t\t\t\t\t<div class=\"elementor-container elementor-column-gap-default\">\n\t\t\t\t\t<div class=\"elementor-column elementor-col-100 elementor-top-column elementor-element elementor-element-acdbf8f\" data-id=\"acdbf8f\" data-element_type=\"column\">\n\t\t\t<div class=\"elementor-widget-wrap elementor-element-populated\">\n\t\t\t\t\t\t\t\t<div class=\"elementor-element elementor-element-85949eb elementor-widget elementor-widget-pelicula_core_separator\" data-id=\"85949eb\" data-element_type=\"widget\" data-widget_type=\"pelicula_core_separator.default\">\n\t\t\t\t<div class=\"elementor-widget-container\">\n\t\t\t<div class=\"qodef-shortcode qodef-m  qodef-separator clear \">\n\t<div class=\"qodef-m-line\" ><\/div>\n<\/div>\t\t<\/div>\n\t\t\t\t<\/div>\n\t\t\t\t\t<\/div>\n\t\t<\/div>\n\t\t\t\t\t\t\t<\/div>\n\t\t<\/section>\n\t\t\t\t<section class=\"elementor-section elementor-top-section elementor-element elementor-element-e684bac elementor-section-boxed elementor-section-height-default elementor-section-height-default qodef-elementor-content-no\" data-id=\"e684bac\" data-element_type=\"section\">\n\t\t\t\t\t\t<div class=\"elementor-container elementor-column-gap-default\">\n\t\t\t\t\t<div class=\"elementor-column elementor-col-20 elementor-top-column elementor-element elementor-element-024014c\" data-id=\"024014c\" data-element_type=\"column\">\n\t\t\t<div class=\"elementor-widget-wrap elementor-element-populated\">\n\t\t\t\t\t\t\t\t<div class=\"elementor-element elementor-element-7fd0c1e elementor-widget elementor-widget-pelicula_core_button\" data-id=\"7fd0c1e\" data-element_type=\"widget\" data-widget_type=\"pelicula_core_button.default\">\n\t\t\t\t<div class=\"elementor-widget-container\">\n\t\t\t<a class=\"qodef-shortcode qodef-m  qodef-button qodef-layout--filled  qodef-html--link\" href=\"https:\/\/www.casatortuga.cl\/index.php\/portfolio\/agua-negra\/\" target=\"_self\" data-hover-color=\"#9F9F9F\" >\n\t<span class=\"qodef-m-text\">anterior<\/span>\n<\/a>\t\t<\/div>\n\t\t\t\t<\/div>\n\t\t\t\t\t<\/div>\n\t\t<\/div>\n\t\t\t\t<div class=\"elementor-column elementor-col-20 elementor-top-column elementor-element elementor-element-5a76917\" data-id=\"5a76917\" data-element_type=\"column\">\n\t\t\t<div class=\"elementor-widget-wrap\">\n\t\t\t\t\t\t\t\t\t<\/div>\n\t\t<\/div>\n\t\t\t\t<div class=\"elementor-column elementor-col-20 elementor-top-column elementor-element elementor-element-d9df1b0\" data-id=\"d9df1b0\" data-element_type=\"column\">\n\t\t\t<div class=\"elementor-widget-wrap\">\n\t\t\t\t\t\t\t\t\t<\/div>\n\t\t<\/div>\n\t\t\t\t<div class=\"elementor-column elementor-col-20 elementor-top-column elementor-element elementor-element-aebdb05\" data-id=\"aebdb05\" data-element_type=\"column\">\n\t\t\t<div class=\"elementor-widget-wrap\">\n\t\t\t\t\t\t\t\t\t<\/div>\n\t\t<\/div>\n\t\t\t\t<div class=\"elementor-column elementor-col-20 elementor-top-column elementor-element elementor-element-cb345f7\" data-id=\"cb345f7\" data-element_type=\"column\">\n\t\t\t<div class=\"elementor-widget-wrap elementor-element-populated\">\n\t\t\t\t\t\t\t\t<div class=\"elementor-element elementor-element-d25cd76 elementor-widget elementor-widget-pelicula_core_button\" data-id=\"d25cd76\" data-element_type=\"widget\" data-widget_type=\"pelicula_core_button.default\">\n\t\t\t\t<div class=\"elementor-widget-container\">\n\t\t\t<a class=\"qodef-shortcode qodef-m  qodef-button qodef-layout--filled  qodef-html--link\" href=\"https:\/\/www.casatortuga.cl\/index.php\/portfolio\/coreobiografias\/\" target=\"_self\" data-hover-color=\"#9F9F9F\" >\n\t<span class=\"qodef-m-text\">siguiente<\/span>\n<\/a>\t\t<\/div>\n\t\t\t\t<\/div>\n\t\t\t\t\t<\/div>\n\t\t<\/div>\n\t\t\t\t\t\t\t<\/div>\n\t\t<\/section>\n\t\t\t\t<section class=\"elementor-section elementor-top-section elementor-element elementor-element-af823a2 elementor-section-boxed elementor-section-height-default elementor-section-height-default qodef-elementor-content-no\" data-id=\"af823a2\" data-element_type=\"section\">\n\t\t\t\t\t\t<div class=\"elementor-container elementor-column-gap-default\">\n\t\t\t\t\t<div class=\"elementor-column elementor-col-100 elementor-top-column elementor-element elementor-element-bc1b6fe\" data-id=\"bc1b6fe\" data-element_type=\"column\">\n\t\t\t<div class=\"elementor-widget-wrap\">\n\t\t\t\t\t\t\t\t\t<\/div>\n\t\t<\/div>\n\t\t\t\t\t\t\t<\/div>\n\t\t<\/section>\n\t\t\t\t\t\t<\/div>\n\t\t\t\t\t<\/div>\n\t\t","protected":false},"excerpt":{"rendered":"<p>Serie Web \u2013 Documental Cu\u00e1ticas Cat (17) est\u00e1 a punto de terminar el liceo, y no sabe qu\u00e9 quiere hacer despu\u00e9s. Cansada de los estereotipos de g\u00e9nero y los estigmas que escucha del mundo laboral y profesional, decide salir en busca de mujeres que se desempe\u00f1en en trabajos considerados como poco comunes para el g\u00e9nero [&hellip;]<\/p>\n","protected":false},"author":1,"featured_media":0,"parent":1629,"menu_order":0,"comment_status":"closed","ping_status":"closed","template":"page-full-width.php","meta":{"footnotes":""},"class_list":["post-4016","page","type-page","status-publish","hentry"],"yoast_head":"<!-- This site is optimized with the Yoast SEO plugin v18.4.1 - https:\/\/yoast.com\/wordpress\/plugins\/seo\/ -->\n<title>Cu\u00e1ticas - Casa Tortuga<\/title>\n<meta name=\"robots\" content=\"index, follow, max-snippet:-1, max-image-preview:large, max-video-preview:-1\" \/>\n<link rel=\"canonical\" href=\"https:\/\/www.casatortuga.cl\/index.php\/portfolio\/cuaticas\/\" \/>\n<meta property=\"og:locale\" content=\"es_ES\" \/>\n<meta property=\"og:type\" content=\"article\" \/>\n<meta property=\"og:title\" content=\"Cu\u00e1ticas - Casa Tortuga\" \/>\n<meta property=\"og:description\" content=\"Serie Web \u2013 Documental Cu\u00e1ticas Cat (17) est\u00e1 a punto de terminar el liceo, y no sabe qu\u00e9 quiere hacer despu\u00e9s. Cansada de los estereotipos de g\u00e9nero y los estigmas que escucha del mundo laboral y profesional, decide salir en busca de mujeres que se desempe\u00f1en en trabajos considerados como poco comunes para el g\u00e9nero [&hellip;]\" \/>\n<meta property=\"og:url\" content=\"https:\/\/www.casatortuga.cl\/index.php\/portfolio\/cuaticas\/\" \/>\n<meta property=\"og:site_name\" content=\"Casa Tortuga\" \/>\n<meta property=\"article:modified_time\" content=\"2022-04-01T00:13:02+00:00\" \/>\n<meta property=\"og:image\" content=\"https:\/\/www.casatortuga.cl\/wp-content\/uploads\/2022\/03\/4-650x556.jpg\" \/>\n<meta name=\"twitter:card\" content=\"summary_large_image\" \/>\n<meta name=\"twitter:label1\" content=\"Tiempo de lectura\" \/>\n\t<meta name=\"twitter:data1\" content=\"1 minuto\" \/>\n<script type=\"application\/ld+json\" class=\"yoast-schema-graph\">{\"@context\":\"https:\/\/schema.org\",\"@graph\":[{\"@type\":\"WebSite\",\"@id\":\"https:\/\/www.casatortuga.cl\/#website\",\"url\":\"https:\/\/www.casatortuga.cl\/\",\"name\":\"Casa Tortuga\",\"description\":\"Productora Audiovisual \/ Puerto Varas\",\"potentialAction\":[{\"@type\":\"SearchAction\",\"target\":{\"@type\":\"EntryPoint\",\"urlTemplate\":\"https:\/\/www.casatortuga.cl\/?s={search_term_string}\"},\"query-input\":\"required name=search_term_string\"}],\"inLanguage\":\"es\"},{\"@type\":\"ImageObject\",\"@id\":\"https:\/\/www.casatortuga.cl\/index.php\/portfolio\/cuaticas\/#primaryimage\",\"inLanguage\":\"es\",\"url\":\"https:\/\/www.casatortuga.cl\/wp-content\/uploads\/2022\/03\/4.jpg\",\"contentUrl\":\"https:\/\/www.casatortuga.cl\/wp-content\/uploads\/2022\/03\/4.jpg\",\"width\":1000,\"height\":556},{\"@type\":\"WebPage\",\"@id\":\"https:\/\/www.casatortuga.cl\/index.php\/portfolio\/cuaticas\/#webpage\",\"url\":\"https:\/\/www.casatortuga.cl\/index.php\/portfolio\/cuaticas\/\",\"name\":\"Cu\u00e1ticas - Casa Tortuga\",\"isPartOf\":{\"@id\":\"https:\/\/www.casatortuga.cl\/#website\"},\"primaryImageOfPage\":{\"@id\":\"https:\/\/www.casatortuga.cl\/index.php\/portfolio\/cuaticas\/#primaryimage\"},\"datePublished\":\"2022-03-16T22:13:42+00:00\",\"dateModified\":\"2022-04-01T00:13:02+00:00\",\"breadcrumb\":{\"@id\":\"https:\/\/www.casatortuga.cl\/index.php\/portfolio\/cuaticas\/#breadcrumb\"},\"inLanguage\":\"es\",\"potentialAction\":[{\"@type\":\"ReadAction\",\"target\":[\"https:\/\/www.casatortuga.cl\/index.php\/portfolio\/cuaticas\/\"]}]},{\"@type\":\"BreadcrumbList\",\"@id\":\"https:\/\/www.casatortuga.cl\/index.php\/portfolio\/cuaticas\/#breadcrumb\",\"itemListElement\":[{\"@type\":\"ListItem\",\"position\":1,\"name\":\"Portada\",\"item\":\"https:\/\/www.casatortuga.cl\/\"},{\"@type\":\"ListItem\",\"position\":2,\"name\":\"Portfolio\",\"item\":\"https:\/\/www.casatortuga.cl\/index.php\/portfolio\/\"},{\"@type\":\"ListItem\",\"position\":3,\"name\":\"Cu\u00e1ticas\"}]}]}<\/script>\n<!-- \/ Yoast SEO plugin. -->","yoast_head_json":{"title":"Cu\u00e1ticas - Casa Tortuga","robots":{"index":"index","follow":"follow","max-snippet":"max-snippet:-1","max-image-preview":"max-image-preview:large","max-video-preview":"max-video-preview:-1"},"canonical":"https:\/\/www.casatortuga.cl\/index.php\/portfolio\/cuaticas\/","og_locale":"es_ES","og_type":"article","og_title":"Cu\u00e1ticas - Casa Tortuga","og_description":"Serie Web \u2013 Documental Cu\u00e1ticas Cat (17) est\u00e1 a punto de terminar el liceo, y no sabe qu\u00e9 quiere hacer despu\u00e9s. Cansada de los estereotipos de g\u00e9nero y los estigmas que escucha del mundo laboral y profesional, decide salir en busca de mujeres que se desempe\u00f1en en trabajos considerados como poco comunes para el g\u00e9nero [&hellip;]","og_url":"https:\/\/www.casatortuga.cl\/index.php\/portfolio\/cuaticas\/","og_site_name":"Casa Tortuga","article_modified_time":"2022-04-01T00:13:02+00:00","og_image":[{"url":"https:\/\/www.casatortuga.cl\/wp-content\/uploads\/2022\/03\/4-650x556.jpg"}],"twitter_card":"summary_large_image","twitter_misc":{"Tiempo de lectura":"1 minuto"},"schema":{"@context":"https:\/\/schema.org","@graph":[{"@type":"WebSite","@id":"https:\/\/www.casatortuga.cl\/#website","url":"https:\/\/www.casatortuga.cl\/","name":"Casa Tortuga","description":"Productora Audiovisual \/ Puerto Varas","potentialAction":[{"@type":"SearchAction","target":{"@type":"EntryPoint","urlTemplate":"https:\/\/www.casatortuga.cl\/?s={search_term_string}"},"query-input":"required name=search_term_string"}],"inLanguage":"es"},{"@type":"ImageObject","@id":"https:\/\/www.casatortuga.cl\/index.php\/portfolio\/cuaticas\/#primaryimage","inLanguage":"es","url":"https:\/\/www.casatortuga.cl\/wp-content\/uploads\/2022\/03\/4.jpg","contentUrl":"https:\/\/www.casatortuga.cl\/wp-content\/uploads\/2022\/03\/4.jpg","width":1000,"height":556},{"@type":"WebPage","@id":"https:\/\/www.casatortuga.cl\/index.php\/portfolio\/cuaticas\/#webpage","url":"https:\/\/www.casatortuga.cl\/index.php\/portfolio\/cuaticas\/","name":"Cu\u00e1ticas - Casa Tortuga","isPartOf":{"@id":"https:\/\/www.casatortuga.cl\/#website"},"primaryImageOfPage":{"@id":"https:\/\/www.casatortuga.cl\/index.php\/portfolio\/cuaticas\/#primaryimage"},"datePublished":"2022-03-16T22:13:42+00:00","dateModified":"2022-04-01T00:13:02+00:00","breadcrumb":{"@id":"https:\/\/www.casatortuga.cl\/index.php\/portfolio\/cuaticas\/#breadcrumb"},"inLanguage":"es","potentialAction":[{"@type":"ReadAction","target":["https:\/\/www.casatortuga.cl\/index.php\/portfolio\/cuaticas\/"]}]},{"@type":"BreadcrumbList","@id":"https:\/\/www.casatortuga.cl\/index.php\/portfolio\/cuaticas\/#breadcrumb","itemListElement":[{"@type":"ListItem","position":1,"name":"Portada","item":"https:\/\/www.casatortuga.cl\/"},{"@type":"ListItem","position":2,"name":"Portfolio","item":"https:\/\/www.casatortuga.cl\/index.php\/portfolio\/"},{"@type":"ListItem","position":3,"name":"Cu\u00e1ticas"}]}]}},"_links":{"self":[{"href":"https:\/\/www.casatortuga.cl\/index.php\/wp-json\/wp\/v2\/pages\/4016","targetHints":{"allow":["GET"]}}],"collection":[{"href":"https:\/\/www.casatortuga.cl\/index.php\/wp-json\/wp\/v2\/pages"}],"about":[{"href":"https:\/\/www.casatortuga.cl\/index.php\/wp-json\/wp\/v2\/types\/page"}],"author":[{"embeddable":true,"href":"https:\/\/www.casatortuga.cl\/index.php\/wp-json\/wp\/v2\/users\/1"}],"replies":[{"embeddable":true,"href":"https:\/\/www.casatortuga.cl\/index.php\/wp-json\/wp\/v2\/comments?post=4016"}],"version-history":[{"count":13,"href":"https:\/\/www.casatortuga.cl\/index.php\/wp-json\/wp\/v2\/pages\/4016\/revisions"}],"predecessor-version":[{"id":4148,"href":"https:\/\/www.casatortuga.cl\/index.php\/wp-json\/wp\/v2\/pages\/4016\/revisions\/4148"}],"up":[{"embeddable":true,"href":"https:\/\/www.casatortuga.cl\/index.php\/wp-json\/wp\/v2\/pages\/1629"}],"wp:attachment":[{"href":"https:\/\/www.casatortuga.cl\/index.php\/wp-json\/wp\/v2\/media?parent=4016"}],"curies":[{"name":"wp","href":"https:\/\/api.w.org\/{rel}","templated":true}]}}