{"id":4032,"date":"2022-03-16T22:57:01","date_gmt":"2022-03-16T22:57:01","guid":{"rendered":"https:\/\/www.casatortuga.cl\/?page_id=4032"},"modified":"2022-04-01T00:13:45","modified_gmt":"2022-04-01T00:13:45","slug":"coreobiografias","status":"publish","type":"page","link":"https:\/\/www.casatortuga.cl\/index.php\/portfolio\/coreobiografias\/","title":{"rendered":"Coreo(bio)graf\u00edas"},"content":{"rendered":"\t\t<div data-elementor-type=\"wp-page\" data-elementor-id=\"4032\" class=\"elementor elementor-4032\" data-elementor-settings=\"[]\">\n\t\t\t\t\t\t\t<div class=\"elementor-section-wrap\">\n\t\t\t\t\t\t\t<section class=\"elementor-section elementor-top-section elementor-element elementor-element-9ca59de elementor-section-full_width elementor-section-height-default elementor-section-height-default qodef-elementor-content-no\" data-id=\"9ca59de\" data-element_type=\"section\">\n\t\t\t\t\t\t<div class=\"elementor-container elementor-column-gap-no\">\n\t\t\t\t\t<div class=\"elementor-column elementor-col-100 elementor-top-column elementor-element elementor-element-e8f8230\" data-id=\"e8f8230\" data-element_type=\"column\">\n\t\t\t<div class=\"elementor-widget-wrap elementor-element-populated\">\n\t\t\t\t\t\t\t\t<div class=\"elementor-element elementor-element-28d361a elementor-widget-divider--view-line elementor-widget elementor-widget-divider\" data-id=\"28d361a\" data-element_type=\"widget\" data-widget_type=\"divider.default\">\n\t\t\t\t<div class=\"elementor-widget-container\">\n\t\t\t\t\t<div class=\"elementor-divider\">\n\t\t\t<span class=\"elementor-divider-separator\">\n\t\t\t\t\t\t<\/span>\n\t\t<\/div>\n\t\t\t\t<\/div>\n\t\t\t\t<\/div>\n\t\t\t\t\t<\/div>\n\t\t<\/div>\n\t\t\t\t\t\t\t<\/div>\n\t\t<\/section>\n\t\t\t\t<section class=\"elementor-section elementor-top-section elementor-element elementor-element-ea21e33 elementor-section-boxed elementor-section-height-default elementor-section-height-default qodef-elementor-content-no\" data-id=\"ea21e33\" data-element_type=\"section\">\n\t\t\t\t\t\t<div class=\"elementor-container elementor-column-gap-default\">\n\t\t\t\t\t<div class=\"elementor-column elementor-col-50 elementor-top-column elementor-element elementor-element-8a0e1c5\" data-id=\"8a0e1c5\" data-element_type=\"column\">\n\t\t\t<div class=\"elementor-widget-wrap\">\n\t\t\t\t\t\t\t\t\t<\/div>\n\t\t<\/div>\n\t\t\t\t<div class=\"elementor-column elementor-col-50 elementor-top-column elementor-element elementor-element-8c78b9d\" data-id=\"8c78b9d\" data-element_type=\"column\">\n\t\t\t<div class=\"elementor-widget-wrap\">\n\t\t\t\t\t\t\t\t\t<\/div>\n\t\t<\/div>\n\t\t\t\t\t\t\t<\/div>\n\t\t<\/section>\n\t\t\t\t<section class=\"elementor-section elementor-top-section elementor-element elementor-element-30913e8 elementor-section-boxed elementor-section-height-default elementor-section-height-default qodef-elementor-content-no\" data-id=\"30913e8\" data-element_type=\"section\">\n\t\t\t\t\t\t<div class=\"elementor-container elementor-column-gap-default\">\n\t\t\t\t\t<div class=\"elementor-column elementor-col-66 elementor-top-column elementor-element elementor-element-880d2a8\" data-id=\"880d2a8\" data-element_type=\"column\">\n\t\t\t<div class=\"elementor-widget-wrap elementor-element-populated\">\n\t\t\t\t\t\t\t\t<div class=\"elementor-element elementor-element-497ca4b elementor-widget elementor-widget-pelicula_core_section_title\" data-id=\"497ca4b\" data-element_type=\"widget\" data-widget_type=\"pelicula_core_section_title.default\">\n\t\t\t\t<div class=\"elementor-widget-container\">\n\t\t\t<div class=\"qodef-shortcode qodef-m  qodef-section-title qodef-alignment--left \" data-holder-options=\"{&quot;line-breaks&quot;:&quot;&quot;}\">\n\t\t<h6 class=\"qodef-m-tagline\" >\n\t\tSerie Web \u2013 Documental\t<\/h6>\n\t    \t<h2 class=\"qodef-m-title\" >\n\t\t\tCoreo(bio)graf\u00edas \t<\/h2>\n    \t<\/div>\t\t<\/div>\n\t\t\t\t<\/div>\n\t\t\t\t<div class=\"elementor-element elementor-element-b18f95f elementor-widget elementor-widget-text-editor\" data-id=\"b18f95f\" data-element_type=\"widget\" data-widget_type=\"text-editor.default\">\n\t\t\t\t<div class=\"elementor-widget-container\">\n\t\t\t\t\t\t\t<p>Coreo(bio)graf\u00edas es una serie documental, de cuatro cap\u00edtulos, que cruza la etnograf\u00eda y el lenguaje cinematogr\u00e1fico, para indagar, desde las experiencias de un grupo de bailarines del sur de Chile, en la historia e impacto de la danza como pr\u00e1ctica y espacio de transformaci\u00f3n social en territorios alejados de los tradicionales polos culturales del pa\u00eds.<\/p><p>Ficha t\u00e9cnica:<br \/>Direcci\u00f3n: Gonzalo Aburto<br \/>Producci\u00f3n: La Casa Tortuga<br \/>Estado: En Desarrollo.<\/p>\t\t\t\t\t\t<\/div>\n\t\t\t\t<\/div>\n\t\t\t\t\t<\/div>\n\t\t<\/div>\n\t\t\t\t<div class=\"elementor-column elementor-col-33 elementor-top-column elementor-element elementor-element-3794f91\" data-id=\"3794f91\" data-element_type=\"column\">\n\t\t\t<div class=\"elementor-widget-wrap elementor-element-populated\">\n\t\t\t\t\t\t\t\t<div class=\"elementor-element elementor-element-520204c elementor-widget elementor-widget-image\" data-id=\"520204c\" data-element_type=\"widget\" data-widget_type=\"image.default\">\n\t\t\t\t<div class=\"elementor-widget-container\">\n\t\t\t\t\t\t\t\t\t\t\t\t\t\t\t<img loading=\"lazy\" decoding=\"async\" width=\"650\" height=\"650\" src=\"https:\/\/www.casatortuga.cl\/wp-content\/uploads\/2022\/03\/coreo-650x650.png\" class=\"attachment-qi_addons_for_elementor_image_size_square size-qi_addons_for_elementor_image_size_square\" alt=\"\" srcset=\"https:\/\/www.casatortuga.cl\/wp-content\/uploads\/2022\/03\/coreo-650x650.png 650w, https:\/\/www.casatortuga.cl\/wp-content\/uploads\/2022\/03\/coreo-150x150.png 150w, https:\/\/www.casatortuga.cl\/wp-content\/uploads\/2022\/03\/coreo-300x300.png 300w, https:\/\/www.casatortuga.cl\/wp-content\/uploads\/2022\/03\/coreo-100x100.png 100w\" sizes=\"auto, (max-width: 650px) 100vw, 650px\" \/>\t\t\t\t\t\t\t\t\t\t\t\t\t\t\t<\/div>\n\t\t\t\t<\/div>\n\t\t\t\t\t<\/div>\n\t\t<\/div>\n\t\t\t\t\t\t\t<\/div>\n\t\t<\/section>\n\t\t\t\t<section class=\"elementor-section elementor-top-section elementor-element elementor-element-c63bfa6 elementor-section-boxed elementor-section-height-default elementor-section-height-default qodef-elementor-content-no\" data-id=\"c63bfa6\" data-element_type=\"section\">\n\t\t\t\t\t\t<div class=\"elementor-container elementor-column-gap-default\">\n\t\t\t\t\t<div class=\"elementor-column elementor-col-100 elementor-top-column elementor-element elementor-element-6007b43\" data-id=\"6007b43\" data-element_type=\"column\">\n\t\t\t<div class=\"elementor-widget-wrap elementor-element-populated\">\n\t\t\t\t\t\t\t\t<div class=\"elementor-element elementor-element-9a291d0 elementor-widget elementor-widget-qi_addons_for_elementor_image_slider\" data-id=\"9a291d0\" data-element_type=\"widget\" data-widget_type=\"qi_addons_for_elementor_image_slider.default\">\n\t\t\t\t<div class=\"elementor-widget-container\">\n\t\t\t<div class=\"qodef-shortcode qodef-m  qodef-qi-image-slider qodef-qi-fslightbox-popup qodef-popup-gallery    qodef-col-num--1 qodef-qi-grid qodef-qi-swiper-container         \" data-options=\"{&quot;direction&quot;:&quot;horizontal&quot;,&quot;slidesPerView&quot;:&quot;1&quot;,&quot;spaceBetween&quot;:30,&quot;spaceBetweenTablet&quot;:30,&quot;spaceBetweenMobile&quot;:30,&quot;effect&quot;:&quot;slide&quot;,&quot;loop&quot;:true,&quot;autoplay&quot;:true,&quot;centeredSlides&quot;:false,&quot;speed&quot;:&quot;&quot;,&quot;speedAnimation&quot;:&quot;&quot;,&quot;outsideNavigation&quot;:&quot;no&quot;,&quot;outsidePagination&quot;:&quot;no&quot;,&quot;unique&quot;:253,&quot;partialValue&quot;:0,&quot;disablePartialValue&quot;:&quot;&quot;}\">\n\t<div class=\"swiper-wrapper\">\n\t\t\n<div class=\"qodef-e swiper-slide\">\n\t<div class=\"qodef-e-inner\">\n\t\t\t\t\t<a class=\"qodef-popup-item\" itemprop=\"image\" href=\"https:\/\/www.casatortuga.cl\/wp-content\/uploads\/2022\/03\/Captura-de-Pantalla-2022-03-04-a-las-17.12.17-1.png\" data-type=\"image\" data-fslightbox=\"gallery-253\">\n\t\t\t\t\t<img loading=\"lazy\" decoding=\"async\" width=\"1200\" height=\"544\" src=\"https:\/\/www.casatortuga.cl\/wp-content\/uploads\/2022\/03\/Captura-de-Pantalla-2022-03-04-a-las-17.12.17-1.png\" class=\"attachment-full size-full\" alt=\"\" srcset=\"https:\/\/www.casatortuga.cl\/wp-content\/uploads\/2022\/03\/Captura-de-Pantalla-2022-03-04-a-las-17.12.17-1.png 1200w, https:\/\/www.casatortuga.cl\/wp-content\/uploads\/2022\/03\/Captura-de-Pantalla-2022-03-04-a-las-17.12.17-1-300x136.png 300w, https:\/\/www.casatortuga.cl\/wp-content\/uploads\/2022\/03\/Captura-de-Pantalla-2022-03-04-a-las-17.12.17-1-1024x464.png 1024w, https:\/\/www.casatortuga.cl\/wp-content\/uploads\/2022\/03\/Captura-de-Pantalla-2022-03-04-a-las-17.12.17-1-768x348.png 768w, https:\/\/www.casatortuga.cl\/wp-content\/uploads\/2022\/03\/Captura-de-Pantalla-2022-03-04-a-las-17.12.17-1-600x272.png 600w\" sizes=\"auto, (max-width: 1200px) 100vw, 1200px\" \/>\t\t\t\t\t<\/a>\n\t\t\n        \t<\/div>\n<\/div>\n\n<div class=\"qodef-e swiper-slide\">\n\t<div class=\"qodef-e-inner\">\n\t\t\t\t\t<a class=\"qodef-popup-item\" itemprop=\"image\" href=\"https:\/\/www.casatortuga.cl\/wp-content\/uploads\/2022\/03\/Captura-de-Pantalla-2022-03-04-a-las-17.13.22.png\" data-type=\"image\" data-fslightbox=\"gallery-253\">\n\t\t\t\t\t<img loading=\"lazy\" decoding=\"async\" width=\"1200\" height=\"538\" src=\"https:\/\/www.casatortuga.cl\/wp-content\/uploads\/2022\/03\/Captura-de-Pantalla-2022-03-04-a-las-17.13.22.png\" class=\"attachment-full size-full\" alt=\"\" srcset=\"https:\/\/www.casatortuga.cl\/wp-content\/uploads\/2022\/03\/Captura-de-Pantalla-2022-03-04-a-las-17.13.22.png 1200w, https:\/\/www.casatortuga.cl\/wp-content\/uploads\/2022\/03\/Captura-de-Pantalla-2022-03-04-a-las-17.13.22-300x135.png 300w, https:\/\/www.casatortuga.cl\/wp-content\/uploads\/2022\/03\/Captura-de-Pantalla-2022-03-04-a-las-17.13.22-1024x459.png 1024w, https:\/\/www.casatortuga.cl\/wp-content\/uploads\/2022\/03\/Captura-de-Pantalla-2022-03-04-a-las-17.13.22-768x344.png 768w, https:\/\/www.casatortuga.cl\/wp-content\/uploads\/2022\/03\/Captura-de-Pantalla-2022-03-04-a-las-17.13.22-600x269.png 600w\" sizes=\"auto, (max-width: 1200px) 100vw, 1200px\" \/>\t\t\t\t\t<\/a>\n\t\t\n        \t<\/div>\n<\/div>\n\t<\/div>\n\t<\/div>\n\t\t<\/div>\n\t\t\t\t<\/div>\n\t\t\t\t\t<\/div>\n\t\t<\/div>\n\t\t\t\t\t\t\t<\/div>\n\t\t<\/section>\n\t\t\t\t<section class=\"elementor-section elementor-top-section elementor-element elementor-element-6aee276 elementor-section-boxed elementor-section-height-default elementor-section-height-default qodef-elementor-content-no\" data-id=\"6aee276\" data-element_type=\"section\">\n\t\t\t\t\t\t<div class=\"elementor-container elementor-column-gap-default\">\n\t\t\t\t\t<div class=\"elementor-column elementor-col-100 elementor-top-column elementor-element elementor-element-acdbf8f\" data-id=\"acdbf8f\" data-element_type=\"column\">\n\t\t\t<div class=\"elementor-widget-wrap elementor-element-populated\">\n\t\t\t\t\t\t\t\t<div class=\"elementor-element elementor-element-6fcabd2 elementor-widget elementor-widget-pelicula_core_separator\" data-id=\"6fcabd2\" data-element_type=\"widget\" data-widget_type=\"pelicula_core_separator.default\">\n\t\t\t\t<div class=\"elementor-widget-container\">\n\t\t\t<div class=\"qodef-shortcode qodef-m  qodef-separator clear \">\n\t<div class=\"qodef-m-line\" ><\/div>\n<\/div>\t\t<\/div>\n\t\t\t\t<\/div>\n\t\t\t\t\t<\/div>\n\t\t<\/div>\n\t\t\t\t\t\t\t<\/div>\n\t\t<\/section>\n\t\t\t\t<section class=\"elementor-section elementor-top-section elementor-element elementor-element-25ccd93 elementor-section-boxed elementor-section-height-default elementor-section-height-default qodef-elementor-content-no\" data-id=\"25ccd93\" data-element_type=\"section\">\n\t\t\t\t\t\t<div class=\"elementor-container elementor-column-gap-default\">\n\t\t\t\t\t<div class=\"elementor-column elementor-col-20 elementor-top-column elementor-element elementor-element-d745053\" data-id=\"d745053\" data-element_type=\"column\">\n\t\t\t<div class=\"elementor-widget-wrap elementor-element-populated\">\n\t\t\t\t\t\t\t\t<div class=\"elementor-element elementor-element-dfbb872 elementor-widget elementor-widget-pelicula_core_button\" data-id=\"dfbb872\" data-element_type=\"widget\" data-widget_type=\"pelicula_core_button.default\">\n\t\t\t\t<div class=\"elementor-widget-container\">\n\t\t\t<a class=\"qodef-shortcode qodef-m  qodef-button qodef-layout--filled  qodef-html--link\" href=\"https:\/\/www.casatortuga.cl\/index.php\/portfolio\/cuaticas\/\" target=\"_self\" data-hover-color=\"#9F9F9F\" >\n\t<span class=\"qodef-m-text\">anterior<\/span>\n<\/a>\t\t<\/div>\n\t\t\t\t<\/div>\n\t\t\t\t\t<\/div>\n\t\t<\/div>\n\t\t\t\t<div class=\"elementor-column elementor-col-20 elementor-top-column elementor-element elementor-element-dc85945\" data-id=\"dc85945\" data-element_type=\"column\">\n\t\t\t<div class=\"elementor-widget-wrap\">\n\t\t\t\t\t\t\t\t\t<\/div>\n\t\t<\/div>\n\t\t\t\t<div class=\"elementor-column elementor-col-20 elementor-top-column elementor-element elementor-element-a8043f4\" data-id=\"a8043f4\" data-element_type=\"column\">\n\t\t\t<div class=\"elementor-widget-wrap\">\n\t\t\t\t\t\t\t\t\t<\/div>\n\t\t<\/div>\n\t\t\t\t<div class=\"elementor-column elementor-col-20 elementor-top-column elementor-element elementor-element-7c11101\" data-id=\"7c11101\" data-element_type=\"column\">\n\t\t\t<div class=\"elementor-widget-wrap\">\n\t\t\t\t\t\t\t\t\t<\/div>\n\t\t<\/div>\n\t\t\t\t<div class=\"elementor-column elementor-col-20 elementor-top-column elementor-element elementor-element-5e549d1\" data-id=\"5e549d1\" data-element_type=\"column\">\n\t\t\t<div class=\"elementor-widget-wrap elementor-element-populated\">\n\t\t\t\t\t\t\t\t<div class=\"elementor-element elementor-element-6fba9a9 elementor-widget elementor-widget-pelicula_core_button\" data-id=\"6fba9a9\" data-element_type=\"widget\" data-widget_type=\"pelicula_core_button.default\">\n\t\t\t\t<div class=\"elementor-widget-container\">\n\t\t\t<a class=\"qodef-shortcode qodef-m  qodef-button qodef-layout--filled  qodef-html--link\" href=\"https:\/\/www.casatortuga.cl\/index.php\/portfolio\/somos-naturaleza\/\" target=\"_self\" data-hover-color=\"#9F9F9F\" >\n\t<span class=\"qodef-m-text\">siguiente<\/span>\n<\/a>\t\t<\/div>\n\t\t\t\t<\/div>\n\t\t\t\t\t<\/div>\n\t\t<\/div>\n\t\t\t\t\t\t\t<\/div>\n\t\t<\/section>\n\t\t\t\t\t\t<\/div>\n\t\t\t\t\t<\/div>\n\t\t","protected":false},"excerpt":{"rendered":"<p>Serie Web \u2013 Documental Coreo(bio)graf\u00edas Coreo(bio)graf\u00edas es una serie documental, de cuatro cap\u00edtulos, que cruza la etnograf\u00eda y el lenguaje cinematogr\u00e1fico, para indagar, desde las experiencias de un grupo de bailarines del sur de Chile, en la historia e impacto de la danza como pr\u00e1ctica y espacio de transformaci\u00f3n social en territorios alejados de los [&hellip;]<\/p>\n","protected":false},"author":1,"featured_media":0,"parent":1629,"menu_order":0,"comment_status":"closed","ping_status":"closed","template":"page-full-width.php","meta":{"footnotes":""},"class_list":["post-4032","page","type-page","status-publish","hentry"],"yoast_head":"<!-- This site is optimized with the Yoast SEO plugin v18.4.1 - https:\/\/yoast.com\/wordpress\/plugins\/seo\/ -->\n<title>Coreo(bio)graf\u00edas - Casa Tortuga<\/title>\n<meta name=\"robots\" content=\"index, follow, max-snippet:-1, max-image-preview:large, max-video-preview:-1\" \/>\n<link rel=\"canonical\" href=\"https:\/\/www.casatortuga.cl\/index.php\/portfolio\/coreobiografias\/\" \/>\n<meta property=\"og:locale\" content=\"es_ES\" \/>\n<meta property=\"og:type\" content=\"article\" \/>\n<meta property=\"og:title\" content=\"Coreo(bio)graf\u00edas - Casa Tortuga\" \/>\n<meta property=\"og:description\" content=\"Serie Web \u2013 Documental Coreo(bio)graf\u00edas Coreo(bio)graf\u00edas es una serie documental, de cuatro cap\u00edtulos, que cruza la etnograf\u00eda y el lenguaje cinematogr\u00e1fico, para indagar, desde las experiencias de un grupo de bailarines del sur de Chile, en la historia e impacto de la danza como pr\u00e1ctica y espacio de transformaci\u00f3n social en territorios alejados de los [&hellip;]\" \/>\n<meta property=\"og:url\" content=\"https:\/\/www.casatortuga.cl\/index.php\/portfolio\/coreobiografias\/\" \/>\n<meta property=\"og:site_name\" content=\"Casa Tortuga\" \/>\n<meta property=\"article:modified_time\" content=\"2022-04-01T00:13:45+00:00\" \/>\n<meta property=\"og:image\" content=\"https:\/\/www.casatortuga.cl\/wp-content\/uploads\/2022\/03\/coreo-650x650.png\" \/>\n<meta name=\"twitter:card\" content=\"summary_large_image\" \/>\n<script type=\"application\/ld+json\" class=\"yoast-schema-graph\">{\"@context\":\"https:\/\/schema.org\",\"@graph\":[{\"@type\":\"WebSite\",\"@id\":\"https:\/\/www.casatortuga.cl\/#website\",\"url\":\"https:\/\/www.casatortuga.cl\/\",\"name\":\"Casa Tortuga\",\"description\":\"Productora Audiovisual \/ Puerto Varas\",\"potentialAction\":[{\"@type\":\"SearchAction\",\"target\":{\"@type\":\"EntryPoint\",\"urlTemplate\":\"https:\/\/www.casatortuga.cl\/?s={search_term_string}\"},\"query-input\":\"required name=search_term_string\"}],\"inLanguage\":\"es\"},{\"@type\":\"ImageObject\",\"@id\":\"https:\/\/www.casatortuga.cl\/index.php\/portfolio\/coreobiografias\/#primaryimage\",\"inLanguage\":\"es\",\"url\":\"https:\/\/www.casatortuga.cl\/wp-content\/uploads\/2022\/03\/coreo.png\",\"contentUrl\":\"https:\/\/www.casatortuga.cl\/wp-content\/uploads\/2022\/03\/coreo.png\",\"width\":1000,\"height\":829},{\"@type\":\"WebPage\",\"@id\":\"https:\/\/www.casatortuga.cl\/index.php\/portfolio\/coreobiografias\/#webpage\",\"url\":\"https:\/\/www.casatortuga.cl\/index.php\/portfolio\/coreobiografias\/\",\"name\":\"Coreo(bio)graf\u00edas - Casa Tortuga\",\"isPartOf\":{\"@id\":\"https:\/\/www.casatortuga.cl\/#website\"},\"primaryImageOfPage\":{\"@id\":\"https:\/\/www.casatortuga.cl\/index.php\/portfolio\/coreobiografias\/#primaryimage\"},\"datePublished\":\"2022-03-16T22:57:01+00:00\",\"dateModified\":\"2022-04-01T00:13:45+00:00\",\"breadcrumb\":{\"@id\":\"https:\/\/www.casatortuga.cl\/index.php\/portfolio\/coreobiografias\/#breadcrumb\"},\"inLanguage\":\"es\",\"potentialAction\":[{\"@type\":\"ReadAction\",\"target\":[\"https:\/\/www.casatortuga.cl\/index.php\/portfolio\/coreobiografias\/\"]}]},{\"@type\":\"BreadcrumbList\",\"@id\":\"https:\/\/www.casatortuga.cl\/index.php\/portfolio\/coreobiografias\/#breadcrumb\",\"itemListElement\":[{\"@type\":\"ListItem\",\"position\":1,\"name\":\"Portada\",\"item\":\"https:\/\/www.casatortuga.cl\/\"},{\"@type\":\"ListItem\",\"position\":2,\"name\":\"Portfolio\",\"item\":\"https:\/\/www.casatortuga.cl\/index.php\/portfolio\/\"},{\"@type\":\"ListItem\",\"position\":3,\"name\":\"Coreo(bio)graf\u00edas\"}]}]}<\/script>\n<!-- \/ Yoast SEO plugin. -->","yoast_head_json":{"title":"Coreo(bio)graf\u00edas - Casa Tortuga","robots":{"index":"index","follow":"follow","max-snippet":"max-snippet:-1","max-image-preview":"max-image-preview:large","max-video-preview":"max-video-preview:-1"},"canonical":"https:\/\/www.casatortuga.cl\/index.php\/portfolio\/coreobiografias\/","og_locale":"es_ES","og_type":"article","og_title":"Coreo(bio)graf\u00edas - Casa Tortuga","og_description":"Serie Web \u2013 Documental Coreo(bio)graf\u00edas Coreo(bio)graf\u00edas es una serie documental, de cuatro cap\u00edtulos, que cruza la etnograf\u00eda y el lenguaje cinematogr\u00e1fico, para indagar, desde las experiencias de un grupo de bailarines del sur de Chile, en la historia e impacto de la danza como pr\u00e1ctica y espacio de transformaci\u00f3n social en territorios alejados de los [&hellip;]","og_url":"https:\/\/www.casatortuga.cl\/index.php\/portfolio\/coreobiografias\/","og_site_name":"Casa Tortuga","article_modified_time":"2022-04-01T00:13:45+00:00","og_image":[{"url":"https:\/\/www.casatortuga.cl\/wp-content\/uploads\/2022\/03\/coreo-650x650.png"}],"twitter_card":"summary_large_image","schema":{"@context":"https:\/\/schema.org","@graph":[{"@type":"WebSite","@id":"https:\/\/www.casatortuga.cl\/#website","url":"https:\/\/www.casatortuga.cl\/","name":"Casa Tortuga","description":"Productora Audiovisual \/ Puerto Varas","potentialAction":[{"@type":"SearchAction","target":{"@type":"EntryPoint","urlTemplate":"https:\/\/www.casatortuga.cl\/?s={search_term_string}"},"query-input":"required name=search_term_string"}],"inLanguage":"es"},{"@type":"ImageObject","@id":"https:\/\/www.casatortuga.cl\/index.php\/portfolio\/coreobiografias\/#primaryimage","inLanguage":"es","url":"https:\/\/www.casatortuga.cl\/wp-content\/uploads\/2022\/03\/coreo.png","contentUrl":"https:\/\/www.casatortuga.cl\/wp-content\/uploads\/2022\/03\/coreo.png","width":1000,"height":829},{"@type":"WebPage","@id":"https:\/\/www.casatortuga.cl\/index.php\/portfolio\/coreobiografias\/#webpage","url":"https:\/\/www.casatortuga.cl\/index.php\/portfolio\/coreobiografias\/","name":"Coreo(bio)graf\u00edas - Casa Tortuga","isPartOf":{"@id":"https:\/\/www.casatortuga.cl\/#website"},"primaryImageOfPage":{"@id":"https:\/\/www.casatortuga.cl\/index.php\/portfolio\/coreobiografias\/#primaryimage"},"datePublished":"2022-03-16T22:57:01+00:00","dateModified":"2022-04-01T00:13:45+00:00","breadcrumb":{"@id":"https:\/\/www.casatortuga.cl\/index.php\/portfolio\/coreobiografias\/#breadcrumb"},"inLanguage":"es","potentialAction":[{"@type":"ReadAction","target":["https:\/\/www.casatortuga.cl\/index.php\/portfolio\/coreobiografias\/"]}]},{"@type":"BreadcrumbList","@id":"https:\/\/www.casatortuga.cl\/index.php\/portfolio\/coreobiografias\/#breadcrumb","itemListElement":[{"@type":"ListItem","position":1,"name":"Portada","item":"https:\/\/www.casatortuga.cl\/"},{"@type":"ListItem","position":2,"name":"Portfolio","item":"https:\/\/www.casatortuga.cl\/index.php\/portfolio\/"},{"@type":"ListItem","position":3,"name":"Coreo(bio)graf\u00edas"}]}]}},"_links":{"self":[{"href":"https:\/\/www.casatortuga.cl\/index.php\/wp-json\/wp\/v2\/pages\/4032","targetHints":{"allow":["GET"]}}],"collection":[{"href":"https:\/\/www.casatortuga.cl\/index.php\/wp-json\/wp\/v2\/pages"}],"about":[{"href":"https:\/\/www.casatortuga.cl\/index.php\/wp-json\/wp\/v2\/types\/page"}],"author":[{"embeddable":true,"href":"https:\/\/www.casatortuga.cl\/index.php\/wp-json\/wp\/v2\/users\/1"}],"replies":[{"embeddable":true,"href":"https:\/\/www.casatortuga.cl\/index.php\/wp-json\/wp\/v2\/comments?post=4032"}],"version-history":[{"count":13,"href":"https:\/\/www.casatortuga.cl\/index.php\/wp-json\/wp\/v2\/pages\/4032\/revisions"}],"predecessor-version":[{"id":4151,"href":"https:\/\/www.casatortuga.cl\/index.php\/wp-json\/wp\/v2\/pages\/4032\/revisions\/4151"}],"up":[{"embeddable":true,"href":"https:\/\/www.casatortuga.cl\/index.php\/wp-json\/wp\/v2\/pages\/1629"}],"wp:attachment":[{"href":"https:\/\/www.casatortuga.cl\/index.php\/wp-json\/wp\/v2\/media?parent=4032"}],"curies":[{"name":"wp","href":"https:\/\/api.w.org\/{rel}","templated":true}]}}